{"id":10,"date":"2023-10-22T10:33:53","date_gmt":"2023-10-22T10:33:53","guid":{"rendered":"https:\/\/xn--jmtlndskinspiration-gwbd.se\/?page_id=10"},"modified":"2024-02-07T07:06:55","modified_gmt":"2024-02-07T07:06:55","slug":"om","status":"publish","type":"page","link":"https:\/\/www.jamtlandskinspiration.se\/?page_id=10","title":{"rendered":"Om oss"},"content":{"rendered":"\n<p>J\u00e4mtl\u00e4ndsk Inspiration erbjuder inspirationsf\u00f6rel\u00e4sningar till ert n\u00e4sta event, d\u00e4r ni beh\u00f6ver motivation, inspiration och en extra dos av livsgl\u00e4dje och sj\u00e4lvklart en gnutta perspektiv.<\/p>\n\n\n\n<p>Genom v\u00e5ra f\u00f6rel\u00e4sare vill vi inspirera till st\u00f6rre n\u00e4rvaro, mycket gl\u00e4dje, insikter och k\u00e4nslan att livet ger s\u00e5 o\u00e4ndligt m\u00e5nga m\u00f6jligheter.<\/p>\n\n\n\n<p>Vi som driver J\u00e4mtl\u00e4ndsk Inspiration heter Inge och Mona.<\/p>\n\n\n\n<p>Inge har passerat pensions\u00e5ldern f\u00f6r ett tag sen, men \u00e4lskar att driva sina olika bolag, s\u00e5 det l\u00e4r dr\u00f6ja.<br>Mona d\u00e4remot, dr\u00f6mmer om den dagen n\u00e4r den kommer s\u00e5 hon f\u00e5r ligga kvar i sin solstol.<\/p>\n\n\n\n<p>Men talardelen sl\u00e4pper vi inte.<\/p>\n\n\n\n<p>P\u00e5 hemsidan finns information om v\u00e5ran talare och administrat\u00f6r p\u00e5 heltid,<br>Sonia Elvst\u00e5l.<br><br>Och ni finner \u00e4ven Tolle Petersson som \u00e4r en av flera vi kan koppla ihop er med, som den talarf\u00f6rmedling vi avser att vara.<\/p>\n","protected":false},"excerpt":{"rendered":"<p>J\u00e4mtl\u00e4ndsk Inspiration erbjuder inspirationsf\u00f6rel\u00e4sningar till ert n\u00e4sta event, d\u00e4r ni beh\u00f6ver motivation, inspiration och en extra dos av livsgl\u00e4dje och sj\u00e4lvklart en gnutta perspektiv. Genom v\u00e5ra f\u00f6rel\u00e4sare vill vi inspirera till st\u00f6rre n\u00e4rvaro, mycket gl\u00e4dje, insikter och k\u00e4nslan att livet ger s\u00e5 o\u00e4ndligt m\u00e5nga m\u00f6jligheter. Vi som driver J\u00e4mtl\u00e4ndsk Inspiration heter Inge och Mona. Inge &hellip; <\/p>\n<p class=\"link-more\"><a href=\"https:\/\/www.jamtlandskinspiration.se\/?page_id=10\" class=\"more-link\">Forts\u00e4tt l\u00e4sa<span class=\"screen-reader-text\"> \u201dOm oss\u201d<\/span><\/a><\/p>\n","protected":false},"author":1,"featured_media":184,"parent":0,"menu_order":0,"comment_status":"closed","ping_status":"closed","template":"","meta":{"footnotes":""},"class_list":["post-10","page","type-page","status-publish","has-post-thumbnail","hentry"],"yoast_head":"<!-- This site is optimized with the Yoast SEO plugin v27.4 - https:\/\/yoast.com\/product\/yoast-seo-wordpress\/ -->\n<title>Om oss - J\u00e4mtl\u00e4ndsk Inspiration<\/title>\n<meta name=\"description\" content=\"Mona Elvst\u00e5l och Inge Godenius \u00e4ger och driver J\u00e4mtl\u00e4ndsk Inspiration och erbjuder f\u00f6rel\u00e4sare som ger b\u00e5de livsgl\u00e4dje och en perspektiv.\" \/>\n<meta name=\"robots\" content=\"index, follow, max-snippet:-1, max-image-preview:large, max-video-preview:-1\" \/>\n<link rel=\"canonical\" href=\"https:\/\/www.jamtlandskinspiration.se\/?page_id=10\" \/>\n<meta property=\"og:locale\" content=\"sv_SE\" \/>\n<meta property=\"og:type\" content=\"article\" \/>\n<meta property=\"og:title\" content=\"Om oss - J\u00e4mtl\u00e4ndsk Inspiration\" \/>\n<meta property=\"og:description\" content=\"Mona Elvst\u00e5l och Inge Godenius \u00e4ger och driver J\u00e4mtl\u00e4ndsk Inspiration och erbjuder f\u00f6rel\u00e4sare som ger b\u00e5de livsgl\u00e4dje och en perspektiv.\" \/>\n<meta property=\"og:url\" content=\"https:\/\/www.jamtlandskinspiration.se\/?page_id=10\" \/>\n<meta property=\"og:site_name\" content=\"J\u00e4mtl\u00e4ndsk Inspiration\" \/>\n<meta property=\"article:publisher\" content=\"https:\/\/www.facebook.com\/SoniaElvstal\" \/>\n<meta property=\"article:modified_time\" content=\"2024-02-07T07:06:55+00:00\" \/>\n<meta property=\"og:image\" content=\"https:\/\/www.jamtlandskinspiration.se\/wp-content\/uploads\/2023\/11\/Om-oss-hemsida-utan-loggan-copy.jpg\" \/>\n\t<meta property=\"og:image:width\" content=\"1701\" \/>\n\t<meta property=\"og:image:height\" content=\"823\" \/>\n\t<meta property=\"og:image:type\" content=\"image\/jpeg\" \/>\n<meta name=\"twitter:card\" content=\"summary_large_image\" \/>\n<meta name=\"twitter:label1\" content=\"Ber\u00e4knad l\u00e4stid\" \/>\n\t<meta name=\"twitter:data1\" content=\"1 minut\" \/>\n<script type=\"application\/ld+json\" class=\"yoast-schema-graph\">{\"@context\":\"https:\\\/\\\/schema.org\",\"@graph\":[{\"@type\":\"WebPage\",\"@id\":\"https:\\\/\\\/www.jamtlandskinspiration.se\\\/?page_id=10\",\"url\":\"https:\\\/\\\/www.jamtlandskinspiration.se\\\/?page_id=10\",\"name\":\"Om oss - J\u00e4mtl\u00e4ndsk Inspiration\",\"isPartOf\":{\"@id\":\"https:\\\/\\\/www.jamtlandskinspiration.se\\\/#website\"},\"primaryImageOfPage\":{\"@id\":\"https:\\\/\\\/www.jamtlandskinspiration.se\\\/?page_id=10#primaryimage\"},\"image\":{\"@id\":\"https:\\\/\\\/www.jamtlandskinspiration.se\\\/?page_id=10#primaryimage\"},\"thumbnailUrl\":\"https:\\\/\\\/www.jamtlandskinspiration.se\\\/wp-content\\\/uploads\\\/2023\\\/11\\\/Om-oss-hemsida-utan-loggan-copy.jpg\",\"datePublished\":\"2023-10-22T10:33:53+00:00\",\"dateModified\":\"2024-02-07T07:06:55+00:00\",\"description\":\"Mona Elvst\u00e5l och Inge Godenius \u00e4ger och driver J\u00e4mtl\u00e4ndsk Inspiration och erbjuder f\u00f6rel\u00e4sare som ger b\u00e5de livsgl\u00e4dje och en perspektiv.\",\"breadcrumb\":{\"@id\":\"https:\\\/\\\/www.jamtlandskinspiration.se\\\/?page_id=10#breadcrumb\"},\"inLanguage\":\"sv-SE\",\"potentialAction\":[{\"@type\":\"ReadAction\",\"target\":[\"https:\\\/\\\/www.jamtlandskinspiration.se\\\/?page_id=10\"]}]},{\"@type\":\"ImageObject\",\"inLanguage\":\"sv-SE\",\"@id\":\"https:\\\/\\\/www.jamtlandskinspiration.se\\\/?page_id=10#primaryimage\",\"url\":\"https:\\\/\\\/www.jamtlandskinspiration.se\\\/wp-content\\\/uploads\\\/2023\\\/11\\\/Om-oss-hemsida-utan-loggan-copy.jpg\",\"contentUrl\":\"https:\\\/\\\/www.jamtlandskinspiration.se\\\/wp-content\\\/uploads\\\/2023\\\/11\\\/Om-oss-hemsida-utan-loggan-copy.jpg\",\"width\":1701,\"height\":823},{\"@type\":\"BreadcrumbList\",\"@id\":\"https:\\\/\\\/www.jamtlandskinspiration.se\\\/?page_id=10#breadcrumb\",\"itemListElement\":[{\"@type\":\"ListItem\",\"position\":1,\"name\":\"Inspiration &amp; f\u00f6rel\u00e4sningar\",\"item\":\"https:\\\/\\\/www.jamtlandskinspiration.se\\\/\"},{\"@type\":\"ListItem\",\"position\":2,\"name\":\"Om oss\"}]},{\"@type\":\"WebSite\",\"@id\":\"https:\\\/\\\/www.jamtlandskinspiration.se\\\/#website\",\"url\":\"https:\\\/\\\/www.jamtlandskinspiration.se\\\/\",\"name\":\"J\u00e4mtl\u00e4ndsk Inspiration\",\"description\":\"Inspiration &amp; f\u00f6rel\u00e4sningar - Sonia Elvst\u00e5l\",\"publisher\":{\"@id\":\"https:\\\/\\\/www.jamtlandskinspiration.se\\\/#organization\"},\"alternateName\":\"Sonia Elvst\u00e5l\",\"potentialAction\":[{\"@type\":\"SearchAction\",\"target\":{\"@type\":\"EntryPoint\",\"urlTemplate\":\"https:\\\/\\\/www.jamtlandskinspiration.se\\\/?s={search_term_string}\"},\"query-input\":{\"@type\":\"PropertyValueSpecification\",\"valueRequired\":true,\"valueName\":\"search_term_string\"}}],\"inLanguage\":\"sv-SE\"},{\"@type\":\"Organization\",\"@id\":\"https:\\\/\\\/www.jamtlandskinspiration.se\\\/#organization\",\"name\":\"J\u00e4mtl\u00e4ndsk Inspiration\",\"alternateName\":\"Sonia Elvst\u00e5l\",\"url\":\"https:\\\/\\\/www.jamtlandskinspiration.se\\\/\",\"logo\":{\"@type\":\"ImageObject\",\"inLanguage\":\"sv-SE\",\"@id\":\"https:\\\/\\\/www.jamtlandskinspiration.se\\\/#\\\/schema\\\/logo\\\/image\\\/\",\"url\":\"https:\\\/\\\/www.jamtlandskinspiration.se\\\/wp-content\\\/uploads\\\/2023\\\/10\\\/cropped-Ja\u2560emtla\u2560endskinspiration.png\",\"contentUrl\":\"https:\\\/\\\/www.jamtlandskinspiration.se\\\/wp-content\\\/uploads\\\/2023\\\/10\\\/cropped-Ja\u2560emtla\u2560endskinspiration.png\",\"width\":450,\"height\":250,\"caption\":\"J\u00e4mtl\u00e4ndsk Inspiration\"},\"image\":{\"@id\":\"https:\\\/\\\/www.jamtlandskinspiration.se\\\/#\\\/schema\\\/logo\\\/image\\\/\"},\"sameAs\":[\"https:\\\/\\\/www.facebook.com\\\/SoniaElvstal\"]}]}<\/script>\n<!-- \/ Yoast SEO plugin. -->","yoast_head_json":{"title":"Om oss - J\u00e4mtl\u00e4ndsk Inspiration","description":"Mona Elvst\u00e5l och Inge Godenius \u00e4ger och driver J\u00e4mtl\u00e4ndsk Inspiration och erbjuder f\u00f6rel\u00e4sare som ger b\u00e5de livsgl\u00e4dje och en perspektiv.","robots":{"index":"index","follow":"follow","max-snippet":"max-snippet:-1","max-image-preview":"max-image-preview:large","max-video-preview":"max-video-preview:-1"},"canonical":"https:\/\/www.jamtlandskinspiration.se\/?page_id=10","og_locale":"sv_SE","og_type":"article","og_title":"Om oss - J\u00e4mtl\u00e4ndsk Inspiration","og_description":"Mona Elvst\u00e5l och Inge Godenius \u00e4ger och driver J\u00e4mtl\u00e4ndsk Inspiration och erbjuder f\u00f6rel\u00e4sare som ger b\u00e5de livsgl\u00e4dje och en perspektiv.","og_url":"https:\/\/www.jamtlandskinspiration.se\/?page_id=10","og_site_name":"J\u00e4mtl\u00e4ndsk Inspiration","article_publisher":"https:\/\/www.facebook.com\/SoniaElvstal","article_modified_time":"2024-02-07T07:06:55+00:00","og_image":[{"width":1701,"height":823,"url":"https:\/\/www.jamtlandskinspiration.se\/wp-content\/uploads\/2023\/11\/Om-oss-hemsida-utan-loggan-copy.jpg","type":"image\/jpeg"}],"twitter_card":"summary_large_image","twitter_misc":{"Ber\u00e4knad l\u00e4stid":"1 minut"},"schema":{"@context":"https:\/\/schema.org","@graph":[{"@type":"WebPage","@id":"https:\/\/www.jamtlandskinspiration.se\/?page_id=10","url":"https:\/\/www.jamtlandskinspiration.se\/?page_id=10","name":"Om oss - J\u00e4mtl\u00e4ndsk Inspiration","isPartOf":{"@id":"https:\/\/www.jamtlandskinspiration.se\/#website"},"primaryImageOfPage":{"@id":"https:\/\/www.jamtlandskinspiration.se\/?page_id=10#primaryimage"},"image":{"@id":"https:\/\/www.jamtlandskinspiration.se\/?page_id=10#primaryimage"},"thumbnailUrl":"https:\/\/www.jamtlandskinspiration.se\/wp-content\/uploads\/2023\/11\/Om-oss-hemsida-utan-loggan-copy.jpg","datePublished":"2023-10-22T10:33:53+00:00","dateModified":"2024-02-07T07:06:55+00:00","description":"Mona Elvst\u00e5l och Inge Godenius \u00e4ger och driver J\u00e4mtl\u00e4ndsk Inspiration och erbjuder f\u00f6rel\u00e4sare som ger b\u00e5de livsgl\u00e4dje och en perspektiv.","breadcrumb":{"@id":"https:\/\/www.jamtlandskinspiration.se\/?page_id=10#breadcrumb"},"inLanguage":"sv-SE","potentialAction":[{"@type":"ReadAction","target":["https:\/\/www.jamtlandskinspiration.se\/?page_id=10"]}]},{"@type":"ImageObject","inLanguage":"sv-SE","@id":"https:\/\/www.jamtlandskinspiration.se\/?page_id=10#primaryimage","url":"https:\/\/www.jamtlandskinspiration.se\/wp-content\/uploads\/2023\/11\/Om-oss-hemsida-utan-loggan-copy.jpg","contentUrl":"https:\/\/www.jamtlandskinspiration.se\/wp-content\/uploads\/2023\/11\/Om-oss-hemsida-utan-loggan-copy.jpg","width":1701,"height":823},{"@type":"BreadcrumbList","@id":"https:\/\/www.jamtlandskinspiration.se\/?page_id=10#breadcrumb","itemListElement":[{"@type":"ListItem","position":1,"name":"Inspiration &amp; f\u00f6rel\u00e4sningar","item":"https:\/\/www.jamtlandskinspiration.se\/"},{"@type":"ListItem","position":2,"name":"Om oss"}]},{"@type":"WebSite","@id":"https:\/\/www.jamtlandskinspiration.se\/#website","url":"https:\/\/www.jamtlandskinspiration.se\/","name":"J\u00e4mtl\u00e4ndsk Inspiration","description":"Inspiration &amp; f\u00f6rel\u00e4sningar - Sonia Elvst\u00e5l","publisher":{"@id":"https:\/\/www.jamtlandskinspiration.se\/#organization"},"alternateName":"Sonia Elvst\u00e5l","potentialAction":[{"@type":"SearchAction","target":{"@type":"EntryPoint","urlTemplate":"https:\/\/www.jamtlandskinspiration.se\/?s={search_term_string}"},"query-input":{"@type":"PropertyValueSpecification","valueRequired":true,"valueName":"search_term_string"}}],"inLanguage":"sv-SE"},{"@type":"Organization","@id":"https:\/\/www.jamtlandskinspiration.se\/#organization","name":"J\u00e4mtl\u00e4ndsk Inspiration","alternateName":"Sonia Elvst\u00e5l","url":"https:\/\/www.jamtlandskinspiration.se\/","logo":{"@type":"ImageObject","inLanguage":"sv-SE","@id":"https:\/\/www.jamtlandskinspiration.se\/#\/schema\/logo\/image\/","url":"https:\/\/www.jamtlandskinspiration.se\/wp-content\/uploads\/2023\/10\/cropped-Ja\u2560emtla\u2560endskinspiration.png","contentUrl":"https:\/\/www.jamtlandskinspiration.se\/wp-content\/uploads\/2023\/10\/cropped-Ja\u2560emtla\u2560endskinspiration.png","width":450,"height":250,"caption":"J\u00e4mtl\u00e4ndsk Inspiration"},"image":{"@id":"https:\/\/www.jamtlandskinspiration.se\/#\/schema\/logo\/image\/"},"sameAs":["https:\/\/www.facebook.com\/SoniaElvstal"]}]}},"_links":{"self":[{"href":"https:\/\/www.jamtlandskinspiration.se\/index.php?rest_route=\/wp\/v2\/pages\/10","targetHints":{"allow":["GET"]}}],"collection":[{"href":"https:\/\/www.jamtlandskinspiration.se\/index.php?rest_route=\/wp\/v2\/pages"}],"about":[{"href":"https:\/\/www.jamtlandskinspiration.se\/index.php?rest_route=\/wp\/v2\/types\/page"}],"author":[{"embeddable":true,"href":"https:\/\/www.jamtlandskinspiration.se\/index.php?rest_route=\/wp\/v2\/users\/1"}],"replies":[{"embeddable":true,"href":"https:\/\/www.jamtlandskinspiration.se\/index.php?rest_route=%2Fwp%2Fv2%2Fcomments&post=10"}],"version-history":[{"count":8,"href":"https:\/\/www.jamtlandskinspiration.se\/index.php?rest_route=\/wp\/v2\/pages\/10\/revisions"}],"predecessor-version":[{"id":193,"href":"https:\/\/www.jamtlandskinspiration.se\/index.php?rest_route=\/wp\/v2\/pages\/10\/revisions\/193"}],"wp:featuredmedia":[{"embeddable":true,"href":"https:\/\/www.jamtlandskinspiration.se\/index.php?rest_route=\/wp\/v2\/media\/184"}],"wp:attachment":[{"href":"https:\/\/www.jamtlandskinspiration.se\/index.php?rest_route=%2Fwp%2Fv2%2Fmedia&parent=10"}],"curies":[{"name":"wp","href":"https:\/\/api.w.org\/{rel}","templated":true}]}}