{"id":105,"date":"2023-10-22T14:07:33","date_gmt":"2023-10-22T14:07:33","guid":{"rendered":"https:\/\/xn--jmtlndskinspiration-gwbd.se\/?page_id=105"},"modified":"2024-04-23T18:11:30","modified_gmt":"2024-04-23T18:11:30","slug":"ovrigt","status":"publish","type":"page","link":"https:\/\/www.jamtlandskinspiration.se\/?page_id=105","title":{"rendered":"\u00d6vrigt"},"content":{"rendered":"\n<div style=\"height:100px\" aria-hidden=\"true\" class=\"wp-block-spacer\"><\/div>\n\n\n\n<div class=\"wp-block-columns are-vertically-aligned-top is-layout-flex wp-container-core-columns-is-layout-9d6595d7 wp-block-columns-is-layout-flex\">\n<div class=\"wp-block-column is-layout-flow wp-block-column-is-layout-flow\">\n<div class=\"wp-block-group\"><div class=\"wp-block-group__inner-container is-layout-flow wp-block-group-is-layout-flow\"><div class=\"wp-block-image is-style-default\">\n<figure class=\"aligncenter size-full\"><img loading=\"lazy\" decoding=\"async\" width=\"612\" height=\"612\" src=\"https:\/\/xn--jmtlndskinspiration-gwbd.se\/wp-content\/uploads\/2023\/10\/Nar-benet-kapades-borjade-mitt-liv.jpg\" alt=\"\" class=\"wp-image-111\" srcset=\"https:\/\/www.jamtlandskinspiration.se\/wp-content\/uploads\/2023\/10\/Nar-benet-kapades-borjade-mitt-liv.jpg 612w, https:\/\/www.jamtlandskinspiration.se\/wp-content\/uploads\/2023\/10\/Nar-benet-kapades-borjade-mitt-liv-300x300.jpg 300w, https:\/\/www.jamtlandskinspiration.se\/wp-content\/uploads\/2023\/10\/Nar-benet-kapades-borjade-mitt-liv-150x150.jpg 150w, https:\/\/www.jamtlandskinspiration.se\/wp-content\/uploads\/2023\/10\/Nar-benet-kapades-borjade-mitt-liv-100x100.jpg 100w\" sizes=\"auto, (max-width: 612px) 100vw, 612px\" \/><\/figure><\/div>\n\n\n<h2 class=\"wp-block-heading has-text-align-center has-black-color has-text-color\" style=\"font-size:30px\">Boken<\/h2>\n\n\n\n<p class=\"has-text-align-center\">L\u00e4s hela Sonias ber\u00e4ttelse som bok: <br>N\u00e4r benet kapades b\u00f6rjade mitt liv. <br>K\u00f6p boken p\u00e5 hennes f\u00f6rel\u00e4sningar eller <br>best\u00e4ll via mail: <a href=\"mailto:Sonia@soniaelvstal.se\">Sonia@soniaelvstal.se<\/a><\/p>\n\n\n\n<p class=\"has-text-align-center\">Pris: 325 kr inkl porto<\/p>\n<\/div><\/div>\n<\/div>\n\n\n\n<div class=\"wp-block-column is-layout-flow wp-block-column-is-layout-flow\"><\/div>\n\n\n\n<div class=\"wp-block-column is-layout-flow wp-block-column-is-layout-flow\">\n<div class=\"wp-block-group\"><div class=\"wp-block-group__inner-container is-layout-flow wp-block-group-is-layout-flow\"><div class=\"wp-block-image is-style-default\">\n<figure class=\"aligncenter size-full is-resized\"><img loading=\"lazy\" decoding=\"async\" width=\"500\" height=\"500\" src=\"https:\/\/xn--jmtlndskinspiration-gwbd.se\/wp-content\/uploads\/2023\/10\/51Q680cyrHL._UXNaN_FMjpg_QL85_.jpg\" alt=\"\" class=\"wp-image-113\" style=\"aspect-ratio:1;width:195px;height:auto\" srcset=\"https:\/\/www.jamtlandskinspiration.se\/wp-content\/uploads\/2023\/10\/51Q680cyrHL._UXNaN_FMjpg_QL85_.jpg 500w, https:\/\/www.jamtlandskinspiration.se\/wp-content\/uploads\/2023\/10\/51Q680cyrHL._UXNaN_FMjpg_QL85_-300x300.jpg 300w, https:\/\/www.jamtlandskinspiration.se\/wp-content\/uploads\/2023\/10\/51Q680cyrHL._UXNaN_FMjpg_QL85_-150x150.jpg 150w, https:\/\/www.jamtlandskinspiration.se\/wp-content\/uploads\/2023\/10\/51Q680cyrHL._UXNaN_FMjpg_QL85_-100x100.jpg 100w\" sizes=\"auto, (max-width: 500px) 100vw, 500px\" \/><\/figure><\/div>\n\n\n<h2 class=\"wp-block-heading has-text-align-center has-black-color has-text-color\" style=\"font-size:30px\">L\u00e5ten<\/h2>\n\n\n\n<p class=\"has-text-align-center has-ast-global-color-3-color has-text-color\">Sonia skrev tillsammans med sina musikerv\u00e4nner l\u00e5ten &#8211; <a href=\"https:\/\/open.spotify.com\/track\/5jJiJwOrRnA6jbkkXNowQL?si=a9b124b643a943c8\" target=\"_blank\" rel=\"noreferrer noopener\">\u00c4ntligen hel<\/a><\/p>\n\n\n\n<p class=\"has-text-align-center\">L\u00e5ten skrevs f\u00f6r att anv\u00e4ndas i tv-programmet Talang, d\u00e4r Sonia och Tolle dansade koreograferat till l\u00e5ten om Sonias liv.<\/p>\n<\/div><\/div>\n<\/div>\n<\/div>\n\n\n\n<div style=\"height:100px\" aria-hidden=\"true\" class=\"wp-block-spacer\"><\/div>\n","protected":false},"excerpt":{"rendered":"<p>Boken L\u00e4s hela Sonias ber\u00e4ttelse som bok: N\u00e4r benet kapades b\u00f6rjade mitt liv. K\u00f6p boken p\u00e5 hennes f\u00f6rel\u00e4sningar eller best\u00e4ll via mail: Sonia@soniaelvstal.se Pris: 325 kr inkl porto L\u00e5ten Sonia skrev tillsammans med sina musikerv\u00e4nner l\u00e5ten &#8211; \u00c4ntligen hel L\u00e5ten skrevs f\u00f6r att anv\u00e4ndas i tv-programmet Talang, d\u00e4r Sonia och Tolle dansade koreograferat till l\u00e5ten &hellip; <\/p>\n<p class=\"link-more\"><a href=\"https:\/\/www.jamtlandskinspiration.se\/?page_id=105\" class=\"more-link\">Forts\u00e4tt l\u00e4sa<span class=\"screen-reader-text\"> \u201d\u00d6vrigt\u201d<\/span><\/a><\/p>\n","protected":false},"author":1,"featured_media":0,"parent":0,"menu_order":0,"comment_status":"closed","ping_status":"closed","template":"","meta":{"footnotes":""},"class_list":["post-105","page","type-page","status-publish","hentry"],"yoast_head":"<!-- This site is optimized with the Yoast SEO plugin v27.4 - https:\/\/yoast.com\/product\/yoast-seo-wordpress\/ -->\n<title>\u00d6vrigt - J\u00e4mtl\u00e4ndsk Inspiration<\/title>\n<meta name=\"robots\" content=\"index, follow, max-snippet:-1, max-image-preview:large, max-video-preview:-1\" \/>\n<link rel=\"canonical\" href=\"https:\/\/www.jamtlandskinspiration.se\/?page_id=105\" \/>\n<meta property=\"og:locale\" content=\"sv_SE\" \/>\n<meta property=\"og:type\" content=\"article\" \/>\n<meta property=\"og:title\" content=\"\u00d6vrigt - J\u00e4mtl\u00e4ndsk Inspiration\" \/>\n<meta property=\"og:description\" content=\"Boken L\u00e4s hela Sonias ber\u00e4ttelse som bok: N\u00e4r benet kapades b\u00f6rjade mitt liv. K\u00f6p boken p\u00e5 hennes f\u00f6rel\u00e4sningar eller best\u00e4ll via mail: Sonia@soniaelvstal.se Pris: 325 kr inkl porto L\u00e5ten Sonia skrev tillsammans med sina musikerv\u00e4nner l\u00e5ten &#8211; \u00c4ntligen hel L\u00e5ten skrevs f\u00f6r att anv\u00e4ndas i tv-programmet Talang, d\u00e4r Sonia och Tolle dansade koreograferat till l\u00e5ten &hellip; Forts\u00e4tt l\u00e4sa \u201d\u00d6vrigt\u201d\" \/>\n<meta property=\"og:url\" content=\"https:\/\/www.jamtlandskinspiration.se\/?page_id=105\" \/>\n<meta property=\"og:site_name\" content=\"J\u00e4mtl\u00e4ndsk Inspiration\" \/>\n<meta property=\"article:publisher\" content=\"https:\/\/www.facebook.com\/SoniaElvstal\" \/>\n<meta property=\"article:modified_time\" content=\"2024-04-23T18:11:30+00:00\" \/>\n<meta property=\"og:image\" content=\"https:\/\/xn--jmtlndskinspiration-gwbd.se\/wp-content\/uploads\/2023\/10\/Nar-benet-kapades-borjade-mitt-liv.jpg\" \/>\n<meta name=\"twitter:card\" content=\"summary_large_image\" \/>\n<meta name=\"twitter:label1\" content=\"Ber\u00e4knad l\u00e4stid\" \/>\n\t<meta name=\"twitter:data1\" content=\"1 minut\" \/>\n<script type=\"application\/ld+json\" class=\"yoast-schema-graph\">{\"@context\":\"https:\\\/\\\/schema.org\",\"@graph\":[{\"@type\":\"WebPage\",\"@id\":\"https:\\\/\\\/www.jamtlandskinspiration.se\\\/?page_id=105\",\"url\":\"https:\\\/\\\/www.jamtlandskinspiration.se\\\/?page_id=105\",\"name\":\"\u00d6vrigt - J\u00e4mtl\u00e4ndsk Inspiration\",\"isPartOf\":{\"@id\":\"https:\\\/\\\/www.jamtlandskinspiration.se\\\/#website\"},\"primaryImageOfPage\":{\"@id\":\"https:\\\/\\\/www.jamtlandskinspiration.se\\\/?page_id=105#primaryimage\"},\"image\":{\"@id\":\"https:\\\/\\\/www.jamtlandskinspiration.se\\\/?page_id=105#primaryimage\"},\"thumbnailUrl\":\"https:\\\/\\\/xn--jmtlndskinspiration-gwbd.se\\\/wp-content\\\/uploads\\\/2023\\\/10\\\/Nar-benet-kapades-borjade-mitt-liv.jpg\",\"datePublished\":\"2023-10-22T14:07:33+00:00\",\"dateModified\":\"2024-04-23T18:11:30+00:00\",\"breadcrumb\":{\"@id\":\"https:\\\/\\\/www.jamtlandskinspiration.se\\\/?page_id=105#breadcrumb\"},\"inLanguage\":\"sv-SE\",\"potentialAction\":[{\"@type\":\"ReadAction\",\"target\":[\"https:\\\/\\\/www.jamtlandskinspiration.se\\\/?page_id=105\"]}]},{\"@type\":\"ImageObject\",\"inLanguage\":\"sv-SE\",\"@id\":\"https:\\\/\\\/www.jamtlandskinspiration.se\\\/?page_id=105#primaryimage\",\"url\":\"https:\\\/\\\/xn--jmtlndskinspiration-gwbd.se\\\/wp-content\\\/uploads\\\/2023\\\/10\\\/Nar-benet-kapades-borjade-mitt-liv.jpg\",\"contentUrl\":\"https:\\\/\\\/xn--jmtlndskinspiration-gwbd.se\\\/wp-content\\\/uploads\\\/2023\\\/10\\\/Nar-benet-kapades-borjade-mitt-liv.jpg\"},{\"@type\":\"BreadcrumbList\",\"@id\":\"https:\\\/\\\/www.jamtlandskinspiration.se\\\/?page_id=105#breadcrumb\",\"itemListElement\":[{\"@type\":\"ListItem\",\"position\":1,\"name\":\"Inspiration &amp; f\u00f6rel\u00e4sningar\",\"item\":\"https:\\\/\\\/www.jamtlandskinspiration.se\\\/\"},{\"@type\":\"ListItem\",\"position\":2,\"name\":\"\u00d6vrigt\"}]},{\"@type\":\"WebSite\",\"@id\":\"https:\\\/\\\/www.jamtlandskinspiration.se\\\/#website\",\"url\":\"https:\\\/\\\/www.jamtlandskinspiration.se\\\/\",\"name\":\"J\u00e4mtl\u00e4ndsk Inspiration\",\"description\":\"Inspiration &amp; f\u00f6rel\u00e4sningar - Sonia Elvst\u00e5l\",\"publisher\":{\"@id\":\"https:\\\/\\\/www.jamtlandskinspiration.se\\\/#organization\"},\"alternateName\":\"Sonia Elvst\u00e5l\",\"potentialAction\":[{\"@type\":\"SearchAction\",\"target\":{\"@type\":\"EntryPoint\",\"urlTemplate\":\"https:\\\/\\\/www.jamtlandskinspiration.se\\\/?s={search_term_string}\"},\"query-input\":{\"@type\":\"PropertyValueSpecification\",\"valueRequired\":true,\"valueName\":\"search_term_string\"}}],\"inLanguage\":\"sv-SE\"},{\"@type\":\"Organization\",\"@id\":\"https:\\\/\\\/www.jamtlandskinspiration.se\\\/#organization\",\"name\":\"J\u00e4mtl\u00e4ndsk Inspiration\",\"alternateName\":\"Sonia Elvst\u00e5l\",\"url\":\"https:\\\/\\\/www.jamtlandskinspiration.se\\\/\",\"logo\":{\"@type\":\"ImageObject\",\"inLanguage\":\"sv-SE\",\"@id\":\"https:\\\/\\\/www.jamtlandskinspiration.se\\\/#\\\/schema\\\/logo\\\/image\\\/\",\"url\":\"https:\\\/\\\/www.jamtlandskinspiration.se\\\/wp-content\\\/uploads\\\/2023\\\/10\\\/cropped-Ja\u2560emtla\u2560endskinspiration.png\",\"contentUrl\":\"https:\\\/\\\/www.jamtlandskinspiration.se\\\/wp-content\\\/uploads\\\/2023\\\/10\\\/cropped-Ja\u2560emtla\u2560endskinspiration.png\",\"width\":450,\"height\":250,\"caption\":\"J\u00e4mtl\u00e4ndsk Inspiration\"},\"image\":{\"@id\":\"https:\\\/\\\/www.jamtlandskinspiration.se\\\/#\\\/schema\\\/logo\\\/image\\\/\"},\"sameAs\":[\"https:\\\/\\\/www.facebook.com\\\/SoniaElvstal\"]}]}<\/script>\n<!-- \/ Yoast SEO plugin. -->","yoast_head_json":{"title":"\u00d6vrigt - J\u00e4mtl\u00e4ndsk Inspiration","robots":{"index":"index","follow":"follow","max-snippet":"max-snippet:-1","max-image-preview":"max-image-preview:large","max-video-preview":"max-video-preview:-1"},"canonical":"https:\/\/www.jamtlandskinspiration.se\/?page_id=105","og_locale":"sv_SE","og_type":"article","og_title":"\u00d6vrigt - J\u00e4mtl\u00e4ndsk Inspiration","og_description":"Boken L\u00e4s hela Sonias ber\u00e4ttelse som bok: N\u00e4r benet kapades b\u00f6rjade mitt liv. K\u00f6p boken p\u00e5 hennes f\u00f6rel\u00e4sningar eller best\u00e4ll via mail: Sonia@soniaelvstal.se Pris: 325 kr inkl porto L\u00e5ten Sonia skrev tillsammans med sina musikerv\u00e4nner l\u00e5ten &#8211; \u00c4ntligen hel L\u00e5ten skrevs f\u00f6r att anv\u00e4ndas i tv-programmet Talang, d\u00e4r Sonia och Tolle dansade koreograferat till l\u00e5ten &hellip; Forts\u00e4tt l\u00e4sa \u201d\u00d6vrigt\u201d","og_url":"https:\/\/www.jamtlandskinspiration.se\/?page_id=105","og_site_name":"J\u00e4mtl\u00e4ndsk Inspiration","article_publisher":"https:\/\/www.facebook.com\/SoniaElvstal","article_modified_time":"2024-04-23T18:11:30+00:00","og_image":[{"url":"https:\/\/xn--jmtlndskinspiration-gwbd.se\/wp-content\/uploads\/2023\/10\/Nar-benet-kapades-borjade-mitt-liv.jpg","type":"","width":"","height":""}],"twitter_card":"summary_large_image","twitter_misc":{"Ber\u00e4knad l\u00e4stid":"1 minut"},"schema":{"@context":"https:\/\/schema.org","@graph":[{"@type":"WebPage","@id":"https:\/\/www.jamtlandskinspiration.se\/?page_id=105","url":"https:\/\/www.jamtlandskinspiration.se\/?page_id=105","name":"\u00d6vrigt - J\u00e4mtl\u00e4ndsk Inspiration","isPartOf":{"@id":"https:\/\/www.jamtlandskinspiration.se\/#website"},"primaryImageOfPage":{"@id":"https:\/\/www.jamtlandskinspiration.se\/?page_id=105#primaryimage"},"image":{"@id":"https:\/\/www.jamtlandskinspiration.se\/?page_id=105#primaryimage"},"thumbnailUrl":"https:\/\/xn--jmtlndskinspiration-gwbd.se\/wp-content\/uploads\/2023\/10\/Nar-benet-kapades-borjade-mitt-liv.jpg","datePublished":"2023-10-22T14:07:33+00:00","dateModified":"2024-04-23T18:11:30+00:00","breadcrumb":{"@id":"https:\/\/www.jamtlandskinspiration.se\/?page_id=105#breadcrumb"},"inLanguage":"sv-SE","potentialAction":[{"@type":"ReadAction","target":["https:\/\/www.jamtlandskinspiration.se\/?page_id=105"]}]},{"@type":"ImageObject","inLanguage":"sv-SE","@id":"https:\/\/www.jamtlandskinspiration.se\/?page_id=105#primaryimage","url":"https:\/\/xn--jmtlndskinspiration-gwbd.se\/wp-content\/uploads\/2023\/10\/Nar-benet-kapades-borjade-mitt-liv.jpg","contentUrl":"https:\/\/xn--jmtlndskinspiration-gwbd.se\/wp-content\/uploads\/2023\/10\/Nar-benet-kapades-borjade-mitt-liv.jpg"},{"@type":"BreadcrumbList","@id":"https:\/\/www.jamtlandskinspiration.se\/?page_id=105#breadcrumb","itemListElement":[{"@type":"ListItem","position":1,"name":"Inspiration &amp; f\u00f6rel\u00e4sningar","item":"https:\/\/www.jamtlandskinspiration.se\/"},{"@type":"ListItem","position":2,"name":"\u00d6vrigt"}]},{"@type":"WebSite","@id":"https:\/\/www.jamtlandskinspiration.se\/#website","url":"https:\/\/www.jamtlandskinspiration.se\/","name":"J\u00e4mtl\u00e4ndsk Inspiration","description":"Inspiration &amp; f\u00f6rel\u00e4sningar - Sonia Elvst\u00e5l","publisher":{"@id":"https:\/\/www.jamtlandskinspiration.se\/#organization"},"alternateName":"Sonia Elvst\u00e5l","potentialAction":[{"@type":"SearchAction","target":{"@type":"EntryPoint","urlTemplate":"https:\/\/www.jamtlandskinspiration.se\/?s={search_term_string}"},"query-input":{"@type":"PropertyValueSpecification","valueRequired":true,"valueName":"search_term_string"}}],"inLanguage":"sv-SE"},{"@type":"Organization","@id":"https:\/\/www.jamtlandskinspiration.se\/#organization","name":"J\u00e4mtl\u00e4ndsk Inspiration","alternateName":"Sonia Elvst\u00e5l","url":"https:\/\/www.jamtlandskinspiration.se\/","logo":{"@type":"ImageObject","inLanguage":"sv-SE","@id":"https:\/\/www.jamtlandskinspiration.se\/#\/schema\/logo\/image\/","url":"https:\/\/www.jamtlandskinspiration.se\/wp-content\/uploads\/2023\/10\/cropped-Ja\u2560emtla\u2560endskinspiration.png","contentUrl":"https:\/\/www.jamtlandskinspiration.se\/wp-content\/uploads\/2023\/10\/cropped-Ja\u2560emtla\u2560endskinspiration.png","width":450,"height":250,"caption":"J\u00e4mtl\u00e4ndsk Inspiration"},"image":{"@id":"https:\/\/www.jamtlandskinspiration.se\/#\/schema\/logo\/image\/"},"sameAs":["https:\/\/www.facebook.com\/SoniaElvstal"]}]}},"_links":{"self":[{"href":"https:\/\/www.jamtlandskinspiration.se\/index.php?rest_route=\/wp\/v2\/pages\/105","targetHints":{"allow":["GET"]}}],"collection":[{"href":"https:\/\/www.jamtlandskinspiration.se\/index.php?rest_route=\/wp\/v2\/pages"}],"about":[{"href":"https:\/\/www.jamtlandskinspiration.se\/index.php?rest_route=\/wp\/v2\/types\/page"}],"author":[{"embeddable":true,"href":"https:\/\/www.jamtlandskinspiration.se\/index.php?rest_route=\/wp\/v2\/users\/1"}],"replies":[{"embeddable":true,"href":"https:\/\/www.jamtlandskinspiration.se\/index.php?rest_route=%2Fwp%2Fv2%2Fcomments&post=105"}],"version-history":[{"count":12,"href":"https:\/\/www.jamtlandskinspiration.se\/index.php?rest_route=\/wp\/v2\/pages\/105\/revisions"}],"predecessor-version":[{"id":225,"href":"https:\/\/www.jamtlandskinspiration.se\/index.php?rest_route=\/wp\/v2\/pages\/105\/revisions\/225"}],"wp:attachment":[{"href":"https:\/\/www.jamtlandskinspiration.se\/index.php?rest_route=%2Fwp%2Fv2%2Fmedia&parent=105"}],"curies":[{"name":"wp","href":"https:\/\/api.w.org\/{rel}","templated":true}]}}