{"id":11,"date":"2023-10-22T10:33:53","date_gmt":"2023-10-22T10:33:53","guid":{"rendered":"https:\/\/xn--jmtlndskinspiration-gwbd.se\/?page_id=11"},"modified":"2023-10-22T13:50:18","modified_gmt":"2023-10-22T13:50:18","slug":"kontakt","status":"publish","type":"page","link":"https:\/\/www.jamtlandskinspiration.se\/?page_id=11","title":{"rendered":"Offertf\u00f6rfr\u00e5gan"},"content":{"rendered":"\n<p>Vill du veta mer eller boka in en f\u00f6rel\u00e4sning?<\/p>\n\n\n\n<p>Kontakta oss f\u00f6r offert:<\/p>\n\n\n<div class=\"wpforms-container wpforms-container-full wpforms-block wpforms-block-4156b6b4-b9a2-44aa-8601-3f93221e355e wpforms-render-modern\" id=\"wpforms-82\"><form id=\"wpforms-form-82\" class=\"wpforms-validate wpforms-form wpforms-ajax-form\" data-formid=\"82\" method=\"post\" enctype=\"multipart\/form-data\" action=\"\/index.php?rest_route=%2Fwp%2Fv2%2Fpages%2F11\" data-token=\"3e714b617db16f7413111b7696da20ac\" data-token-time=\"1777498587\"><noscript class=\"wpforms-error-noscript\">Aktivera JavaScript i din webbl\u00e4sare f\u00f6r att fylla i formul\u00e4ret.<\/noscript><div id=\"wpforms-error-noscript\" style=\"display: none;\">Aktivera JavaScript i din webbl\u00e4sare f\u00f6r att fylla i formul\u00e4ret.<\/div><div class=\"wpforms-field-container\"><div id=\"wpforms-82-field_0-container\" class=\"wpforms-field wpforms-field-name\" data-field-id=\"0\"><label class=\"wpforms-field-label\" for=\"wpforms-82-field_0\">Namn <span class=\"wpforms-required-label\" aria-hidden=\"true\">*<\/span><\/label><input type=\"text\" id=\"wpforms-82-field_0\" class=\"wpforms-field-medium wpforms-field-required\" name=\"wpforms[fields][0]\" aria-errormessage=\"wpforms-82-field_0-error\" required><\/div><div id=\"wpforms-82-field_7-container\" class=\"wpforms-field wpforms-field-text\" data-field-id=\"7\"><label class=\"wpforms-field-label\" for=\"wpforms-82-field_7\">Organisation<\/label><input type=\"text\" id=\"wpforms-82-field_7\" class=\"wpforms-field-medium\" name=\"wpforms[fields][7]\" aria-errormessage=\"wpforms-82-field_7-error\" ><\/div><div id=\"wpforms-82-field_1-container\" class=\"wpforms-field wpforms-field-email\" data-field-id=\"1\"><label class=\"wpforms-field-label\" for=\"wpforms-82-field_1\">Mail <span class=\"wpforms-required-label\" aria-hidden=\"true\">*<\/span><\/label><input type=\"email\" id=\"wpforms-82-field_1\" class=\"wpforms-field-medium wpforms-field-required\" name=\"wpforms[fields][1]\" spellcheck=\"false\" aria-errormessage=\"wpforms-82-field_1-error\" required><\/div><div id=\"wpforms-82-field_11-container\" class=\"wpforms-field wpforms-field-select wpforms-field-select-style-classic\" data-field-id=\"11\"><label class=\"wpforms-field-label\" for=\"wpforms-82-field_11\">F\u00f6rel\u00e4sare<\/label><select id=\"wpforms-82-field_11\" class=\"wpforms-field-medium\" name=\"wpforms[fields][11]\"><option value=\"Sonia Elvst\u00e5l\"  class=\"choice-1 depth-1\"  >Sonia Elvst\u00e5l<\/option><option value=\"Tolle Petersson\"  class=\"choice-2 depth-1\"  >Tolle Petersson<\/option><option value=\"Annan talare\"  class=\"choice-3 depth-1\"  >Annan talare<\/option><\/select><\/div><div id=\"wpforms-82-field_8-container\" class=\"wpforms-field wpforms-field-text\" data-field-id=\"8\"><label class=\"wpforms-field-label\" for=\"wpforms-82-field_8\">Om m\u00f6jligt: Datum, plats &amp; tid<\/label><input type=\"text\" id=\"wpforms-82-field_8\" class=\"wpforms-field-medium\" name=\"wpforms[fields][8]\" aria-errormessage=\"wpforms-82-field_8-error\" ><\/div><div id=\"wpforms-82-field_3-container\" class=\"wpforms-field wpforms-field-textarea\" data-field-id=\"3\"><label class=\"wpforms-field-label\" for=\"wpforms-82-field_3\">Meddelande <span class=\"wpforms-required-label\" aria-hidden=\"true\">*<\/span><\/label><textarea id=\"wpforms-82-field_3\" class=\"wpforms-field-medium wpforms-field-required\" name=\"wpforms[fields][3]\" aria-errormessage=\"wpforms-82-field_3-error\" required><\/textarea><\/div><div id=\"wpforms-82-field_9-container\" class=\"wpforms-field wpforms-field-checkbox\" data-field-id=\"9\"><fieldset><legend class=\"wpforms-field-label\">GDPR <span class=\"wpforms-required-label\" aria-hidden=\"true\">*<\/span><\/legend><ul id=\"wpforms-82-field_9\" class=\"wpforms-field-required\"><li class=\"choice-1 depth-1\"><input type=\"checkbox\" id=\"wpforms-82-field_9_1\" name=\"wpforms[fields][9][]\" value=\"N\u00e4r du anv\u00e4nder formul\u00e4ret sparas dina kontaktuppgifter f\u00f6r att kunna kontakta dig.\" aria-errormessage=\"wpforms-82-field_9_1-error\" required ><label class=\"wpforms-field-label-inline\" for=\"wpforms-82-field_9_1\">N\u00e4r du anv\u00e4nder formul\u00e4ret sparas dina kontaktuppgifter f\u00f6r att kunna kontakta dig.<\/label><\/li><\/ul><\/fieldset><\/div><\/div><!-- .wpforms-field-container --><div class=\"wpforms-recaptcha-container wpforms-is-recaptcha wpforms-is-recaptcha-type-v2\" ><div class=\"g-recaptcha\" data-sitekey=\"6LdL22oqAAAAAGZTNHDchF04i3_w58pQ_JGLQsV3\"><\/div><input type=\"text\" name=\"g-recaptcha-hidden\" class=\"wpforms-recaptcha-hidden\" style=\"position:absolute!important;clip:rect(0,0,0,0)!important;height:1px!important;width:1px!important;border:0!important;overflow:hidden!important;padding:0!important;margin:0!important;\" data-rule-recaptcha=\"1\"><\/div><div class=\"wpforms-submit-container\" ><input type=\"hidden\" name=\"wpforms[id]\" value=\"82\"><input type=\"hidden\" name=\"page_title\" value=\"\"><input type=\"hidden\" name=\"page_url\" value=\"https:\/\/www.jamtlandskinspiration.se\/index.php?rest_route=\/wp\/v2\/pages\/11\"><input type=\"hidden\" name=\"url_referer\" value=\"\"><button type=\"submit\" name=\"wpforms[submit]\" id=\"wpforms-submit-82\" class=\"wpforms-submit\" data-alt-text=\"Sending...\" data-submit-text=\"Skicka\" aria-live=\"assertive\" value=\"wpforms-submit\">Skicka<\/button><img loading=\"lazy\" decoding=\"async\" src=\"https:\/\/www.jamtlandskinspiration.se\/wp-content\/plugins\/wpforms-lite\/assets\/images\/submit-spin.svg\" class=\"wpforms-submit-spinner\" style=\"display: none;\" width=\"26\" height=\"26\" alt=\"Laddar\"><\/div><\/form><\/div>  <!-- .wpforms-container -->","protected":false},"excerpt":{"rendered":"<p>Vill du veta mer eller boka in en f\u00f6rel\u00e4sning? Kontakta oss f\u00f6r offert:<\/p>\n","protected":false},"author":1,"featured_media":30,"parent":0,"menu_order":0,"comment_status":"closed","ping_status":"closed","template":"","meta":{"footnotes":""},"class_list":["post-11","page","type-page","status-publish","has-post-thumbnail","hentry"],"yoast_head":"<!-- This site is optimized with the Yoast SEO plugin v27.5 - https:\/\/yoast.com\/product\/yoast-seo-wordpress\/ -->\n<title>Offertf\u00f6rfr\u00e5gan - J\u00e4mtl\u00e4ndsk Inspiration<\/title>\n<meta name=\"robots\" content=\"index, follow, max-snippet:-1, max-image-preview:large, max-video-preview:-1\" \/>\n<link rel=\"canonical\" href=\"https:\/\/www.jamtlandskinspiration.se\/?page_id=11\" \/>\n<meta property=\"og:locale\" content=\"sv_SE\" \/>\n<meta property=\"og:type\" content=\"article\" \/>\n<meta property=\"og:title\" content=\"Offertf\u00f6rfr\u00e5gan - J\u00e4mtl\u00e4ndsk Inspiration\" \/>\n<meta property=\"og:description\" content=\"Vill du veta mer eller boka in en f\u00f6rel\u00e4sning? Kontakta oss f\u00f6r offert:\" \/>\n<meta property=\"og:url\" content=\"https:\/\/www.jamtlandskinspiration.se\/?page_id=11\" \/>\n<meta property=\"og:site_name\" content=\"J\u00e4mtl\u00e4ndsk Inspiration\" \/>\n<meta property=\"article:publisher\" content=\"https:\/\/www.facebook.com\/SoniaElvstal\" \/>\n<meta property=\"article:modified_time\" content=\"2023-10-22T13:50:18+00:00\" \/>\n<meta property=\"og:image\" content=\"https:\/\/www.jamtlandskinspiration.se\/wp-content\/uploads\/2023\/10\/cropped-B60A8267-scaled-2.jpg\" \/>\n\t<meta property=\"og:image:width\" content=\"2000\" \/>\n\t<meta property=\"og:image:height\" content=\"1199\" \/>\n\t<meta property=\"og:image:type\" content=\"image\/jpeg\" \/>\n<meta name=\"twitter:card\" content=\"summary_large_image\" \/>\n<script type=\"application\/ld+json\" class=\"yoast-schema-graph\">{\"@context\":\"https:\\\/\\\/schema.org\",\"@graph\":[{\"@type\":\"WebPage\",\"@id\":\"https:\\\/\\\/www.jamtlandskinspiration.se\\\/?page_id=11\",\"url\":\"https:\\\/\\\/www.jamtlandskinspiration.se\\\/?page_id=11\",\"name\":\"Offertf\u00f6rfr\u00e5gan - J\u00e4mtl\u00e4ndsk Inspiration\",\"isPartOf\":{\"@id\":\"https:\\\/\\\/www.jamtlandskinspiration.se\\\/#website\"},\"primaryImageOfPage\":{\"@id\":\"https:\\\/\\\/www.jamtlandskinspiration.se\\\/?page_id=11#primaryimage\"},\"image\":{\"@id\":\"https:\\\/\\\/www.jamtlandskinspiration.se\\\/?page_id=11#primaryimage\"},\"thumbnailUrl\":\"https:\\\/\\\/www.jamtlandskinspiration.se\\\/wp-content\\\/uploads\\\/2023\\\/10\\\/cropped-B60A8267-scaled-2.jpg\",\"datePublished\":\"2023-10-22T10:33:53+00:00\",\"dateModified\":\"2023-10-22T13:50:18+00:00\",\"breadcrumb\":{\"@id\":\"https:\\\/\\\/www.jamtlandskinspiration.se\\\/?page_id=11#breadcrumb\"},\"inLanguage\":\"sv-SE\",\"potentialAction\":[{\"@type\":\"ReadAction\",\"target\":[\"https:\\\/\\\/www.jamtlandskinspiration.se\\\/?page_id=11\"]}]},{\"@type\":\"ImageObject\",\"inLanguage\":\"sv-SE\",\"@id\":\"https:\\\/\\\/www.jamtlandskinspiration.se\\\/?page_id=11#primaryimage\",\"url\":\"https:\\\/\\\/www.jamtlandskinspiration.se\\\/wp-content\\\/uploads\\\/2023\\\/10\\\/cropped-B60A8267-scaled-2.jpg\",\"contentUrl\":\"https:\\\/\\\/www.jamtlandskinspiration.se\\\/wp-content\\\/uploads\\\/2023\\\/10\\\/cropped-B60A8267-scaled-2.jpg\",\"width\":2000,\"height\":1199},{\"@type\":\"BreadcrumbList\",\"@id\":\"https:\\\/\\\/www.jamtlandskinspiration.se\\\/?page_id=11#breadcrumb\",\"itemListElement\":[{\"@type\":\"ListItem\",\"position\":1,\"name\":\"Inspiration &amp; f\u00f6rel\u00e4sningar\",\"item\":\"https:\\\/\\\/www.jamtlandskinspiration.se\\\/\"},{\"@type\":\"ListItem\",\"position\":2,\"name\":\"Offertf\u00f6rfr\u00e5gan\"}]},{\"@type\":\"WebSite\",\"@id\":\"https:\\\/\\\/www.jamtlandskinspiration.se\\\/#website\",\"url\":\"https:\\\/\\\/www.jamtlandskinspiration.se\\\/\",\"name\":\"J\u00e4mtl\u00e4ndsk Inspiration\",\"description\":\"Inspiration &amp; f\u00f6rel\u00e4sningar - Sonia Elvst\u00e5l\",\"publisher\":{\"@id\":\"https:\\\/\\\/www.jamtlandskinspiration.se\\\/#organization\"},\"alternateName\":\"Sonia Elvst\u00e5l\",\"potentialAction\":[{\"@type\":\"SearchAction\",\"target\":{\"@type\":\"EntryPoint\",\"urlTemplate\":\"https:\\\/\\\/www.jamtlandskinspiration.se\\\/?s={search_term_string}\"},\"query-input\":{\"@type\":\"PropertyValueSpecification\",\"valueRequired\":true,\"valueName\":\"search_term_string\"}}],\"inLanguage\":\"sv-SE\"},{\"@type\":\"Organization\",\"@id\":\"https:\\\/\\\/www.jamtlandskinspiration.se\\\/#organization\",\"name\":\"J\u00e4mtl\u00e4ndsk Inspiration\",\"alternateName\":\"Sonia Elvst\u00e5l\",\"url\":\"https:\\\/\\\/www.jamtlandskinspiration.se\\\/\",\"logo\":{\"@type\":\"ImageObject\",\"inLanguage\":\"sv-SE\",\"@id\":\"https:\\\/\\\/www.jamtlandskinspiration.se\\\/#\\\/schema\\\/logo\\\/image\\\/\",\"url\":\"https:\\\/\\\/www.jamtlandskinspiration.se\\\/wp-content\\\/uploads\\\/2023\\\/10\\\/cropped-Ja\u2560emtla\u2560endskinspiration.png\",\"contentUrl\":\"https:\\\/\\\/www.jamtlandskinspiration.se\\\/wp-content\\\/uploads\\\/2023\\\/10\\\/cropped-Ja\u2560emtla\u2560endskinspiration.png\",\"width\":450,\"height\":250,\"caption\":\"J\u00e4mtl\u00e4ndsk Inspiration\"},\"image\":{\"@id\":\"https:\\\/\\\/www.jamtlandskinspiration.se\\\/#\\\/schema\\\/logo\\\/image\\\/\"},\"sameAs\":[\"https:\\\/\\\/www.facebook.com\\\/SoniaElvstal\"]}]}<\/script>\n<!-- \/ Yoast SEO plugin. -->","yoast_head_json":{"title":"Offertf\u00f6rfr\u00e5gan - J\u00e4mtl\u00e4ndsk Inspiration","robots":{"index":"index","follow":"follow","max-snippet":"max-snippet:-1","max-image-preview":"max-image-preview:large","max-video-preview":"max-video-preview:-1"},"canonical":"https:\/\/www.jamtlandskinspiration.se\/?page_id=11","og_locale":"sv_SE","og_type":"article","og_title":"Offertf\u00f6rfr\u00e5gan - J\u00e4mtl\u00e4ndsk Inspiration","og_description":"Vill du veta mer eller boka in en f\u00f6rel\u00e4sning? Kontakta oss f\u00f6r offert:","og_url":"https:\/\/www.jamtlandskinspiration.se\/?page_id=11","og_site_name":"J\u00e4mtl\u00e4ndsk Inspiration","article_publisher":"https:\/\/www.facebook.com\/SoniaElvstal","article_modified_time":"2023-10-22T13:50:18+00:00","og_image":[{"width":2000,"height":1199,"url":"https:\/\/www.jamtlandskinspiration.se\/wp-content\/uploads\/2023\/10\/cropped-B60A8267-scaled-2.jpg","type":"image\/jpeg"}],"twitter_card":"summary_large_image","schema":{"@context":"https:\/\/schema.org","@graph":[{"@type":"WebPage","@id":"https:\/\/www.jamtlandskinspiration.se\/?page_id=11","url":"https:\/\/www.jamtlandskinspiration.se\/?page_id=11","name":"Offertf\u00f6rfr\u00e5gan - J\u00e4mtl\u00e4ndsk Inspiration","isPartOf":{"@id":"https:\/\/www.jamtlandskinspiration.se\/#website"},"primaryImageOfPage":{"@id":"https:\/\/www.jamtlandskinspiration.se\/?page_id=11#primaryimage"},"image":{"@id":"https:\/\/www.jamtlandskinspiration.se\/?page_id=11#primaryimage"},"thumbnailUrl":"https:\/\/www.jamtlandskinspiration.se\/wp-content\/uploads\/2023\/10\/cropped-B60A8267-scaled-2.jpg","datePublished":"2023-10-22T10:33:53+00:00","dateModified":"2023-10-22T13:50:18+00:00","breadcrumb":{"@id":"https:\/\/www.jamtlandskinspiration.se\/?page_id=11#breadcrumb"},"inLanguage":"sv-SE","potentialAction":[{"@type":"ReadAction","target":["https:\/\/www.jamtlandskinspiration.se\/?page_id=11"]}]},{"@type":"ImageObject","inLanguage":"sv-SE","@id":"https:\/\/www.jamtlandskinspiration.se\/?page_id=11#primaryimage","url":"https:\/\/www.jamtlandskinspiration.se\/wp-content\/uploads\/2023\/10\/cropped-B60A8267-scaled-2.jpg","contentUrl":"https:\/\/www.jamtlandskinspiration.se\/wp-content\/uploads\/2023\/10\/cropped-B60A8267-scaled-2.jpg","width":2000,"height":1199},{"@type":"BreadcrumbList","@id":"https:\/\/www.jamtlandskinspiration.se\/?page_id=11#breadcrumb","itemListElement":[{"@type":"ListItem","position":1,"name":"Inspiration &amp; f\u00f6rel\u00e4sningar","item":"https:\/\/www.jamtlandskinspiration.se\/"},{"@type":"ListItem","position":2,"name":"Offertf\u00f6rfr\u00e5gan"}]},{"@type":"WebSite","@id":"https:\/\/www.jamtlandskinspiration.se\/#website","url":"https:\/\/www.jamtlandskinspiration.se\/","name":"J\u00e4mtl\u00e4ndsk Inspiration","description":"Inspiration &amp; f\u00f6rel\u00e4sningar - Sonia Elvst\u00e5l","publisher":{"@id":"https:\/\/www.jamtlandskinspiration.se\/#organization"},"alternateName":"Sonia Elvst\u00e5l","potentialAction":[{"@type":"SearchAction","target":{"@type":"EntryPoint","urlTemplate":"https:\/\/www.jamtlandskinspiration.se\/?s={search_term_string}"},"query-input":{"@type":"PropertyValueSpecification","valueRequired":true,"valueName":"search_term_string"}}],"inLanguage":"sv-SE"},{"@type":"Organization","@id":"https:\/\/www.jamtlandskinspiration.se\/#organization","name":"J\u00e4mtl\u00e4ndsk Inspiration","alternateName":"Sonia Elvst\u00e5l","url":"https:\/\/www.jamtlandskinspiration.se\/","logo":{"@type":"ImageObject","inLanguage":"sv-SE","@id":"https:\/\/www.jamtlandskinspiration.se\/#\/schema\/logo\/image\/","url":"https:\/\/www.jamtlandskinspiration.se\/wp-content\/uploads\/2023\/10\/cropped-Ja\u2560emtla\u2560endskinspiration.png","contentUrl":"https:\/\/www.jamtlandskinspiration.se\/wp-content\/uploads\/2023\/10\/cropped-Ja\u2560emtla\u2560endskinspiration.png","width":450,"height":250,"caption":"J\u00e4mtl\u00e4ndsk Inspiration"},"image":{"@id":"https:\/\/www.jamtlandskinspiration.se\/#\/schema\/logo\/image\/"},"sameAs":["https:\/\/www.facebook.com\/SoniaElvstal"]}]}},"_links":{"self":[{"href":"https:\/\/www.jamtlandskinspiration.se\/index.php?rest_route=\/wp\/v2\/pages\/11","targetHints":{"allow":["GET"]}}],"collection":[{"href":"https:\/\/www.jamtlandskinspiration.se\/index.php?rest_route=\/wp\/v2\/pages"}],"about":[{"href":"https:\/\/www.jamtlandskinspiration.se\/index.php?rest_route=\/wp\/v2\/types\/page"}],"author":[{"embeddable":true,"href":"https:\/\/www.jamtlandskinspiration.se\/index.php?rest_route=\/wp\/v2\/users\/1"}],"replies":[{"embeddable":true,"href":"https:\/\/www.jamtlandskinspiration.se\/index.php?rest_route=%2Fwp%2Fv2%2Fcomments&post=11"}],"version-history":[{"count":5,"href":"https:\/\/www.jamtlandskinspiration.se\/index.php?rest_route=\/wp\/v2\/pages\/11\/revisions"}],"predecessor-version":[{"id":227,"href":"https:\/\/www.jamtlandskinspiration.se\/index.php?rest_route=\/wp\/v2\/pages\/11\/revisions\/227"}],"wp:featuredmedia":[{"embeddable":true,"href":"https:\/\/www.jamtlandskinspiration.se\/index.php?rest_route=\/wp\/v2\/media\/30"}],"wp:attachment":[{"href":"https:\/\/www.jamtlandskinspiration.se\/index.php?rest_route=%2Fwp%2Fv2%2Fmedia&parent=11"}],"curies":[{"name":"wp","href":"https:\/\/api.w.org\/{rel}","templated":true}]}}