{"id":13,"date":"2023-10-22T10:33:53","date_gmt":"2023-10-22T10:33:53","guid":{"rendered":"https:\/\/xn--jmtlndskinspiration-gwbd.se\/?page_id=13"},"modified":"2024-02-07T09:12:11","modified_gmt":"2024-02-07T09:12:11","slug":"en-startsidesektion","status":"publish","type":"page","link":"https:\/\/www.jamtlandskinspiration.se\/?page_id=13","title":{"rendered":"Sonia Elvst\u00e5l"},"content":{"rendered":"\n<p>Sonia f\u00f6rlorade sitt v\u00e4nstra underben i en motorcykelolycka, och tack vare det s\u00e5 uppt\u00e4ckte hon att livet erbjuder s\u00e5 mycket mer d\u00e4r man minst anar det. Genom hennes inspirerande f\u00f6rel\u00e4sningar delar hon med sig av sin resa mot \u00e5terh\u00e4mtning, m\u00e5ls\u00e4ttning och motivation.<\/p>\n\n\n\n<p>Sonia s\u00e4ger att livet b\u00f6rjade vid 28-\u00e5rs \u00e5lder, f\u00f6r idag \u00e4r hon en b\u00e4ttre v\u00e4n, en b\u00e4ttre medm\u00e4nniska, en b\u00e4ttre mamma och en mycket b\u00e4ttre version av sig sj\u00e4lv. Med j\u00e4rnvilja och obotlig optimism, har hennes CV fyllts p\u00e5 med allt ifr\u00e5n hennes deltagande i SVT1 <strong>\u201dMot alla Odds\u201d<\/strong>, till grundare av <strong>Piratfestivalen<\/strong> samt att  hon \u00e4r stolt \u00f6ver att vara Sveriges f\u00f6rsta klassificerade <strong>Para-Snowboard\u00e5kare<\/strong>. Svenska flaggan hissades f\u00f6r f\u00f6rsta g\u00e5ngen 2018 i hennes f\u00f6rsta Europacup i Landgraaf, och hon t\u00e4vlade p\u00e5 V\u00e4rldscupsniv\u00e5 i Banked-Slalom 2019-2022 , just nu n\u00f6ter hon carves f\u00f6r att ta nya tag igen. Hon t\u00e4vlar och visar oss att gr\u00e4nser \u00e4r till f\u00f6r att \u00f6vervinnas &#8211; och vill vara en fin f\u00f6rebild!<\/p>\n\n\n\n<p>Sonia smittar ner \u00e5h\u00f6rarna med hennes inre gl\u00f6d och helt otroliga drivkraft. Hon f\u00e5r oss alla att f\u00f6rst\u00e5 att det \u00e4r v\u00e5ran egna inst\u00e4llning som g\u00f6r skillnad. Hon v\u00e4cker v\u00e5r n\u00e4rvaro genom att v\u00e5ga, k\u00e4mpa och utmana.<\/p>\n\n\n\n<p>Ni kommer gr\u00e5ta, skratta och f\u00e5 huvudet fullt av funderingar. Ni f\u00e5r en f\u00f6rel\u00e4sning som g\u00f6r skillnad. <\/p>\n\n\n\n<p>Sonia \u00e4r en fullfj\u00e4drad inspirat\u00f6r med budskap som g\u00e5r r\u00e4tt in i hj\u00e4rtat och g\u00f6r dig redo att f\u00f6r\u00e4ndra din vardag och syn p\u00e5 livet. Sonia erbjuder f\u00f6redrag anpassade till er dag, med \u00e4mnen som k\u00e4mpargl\u00f6d, motivation, n\u00e4rvaro, samvaro, h\u00e4lsa och vikten av att v\u00e5ga se m\u00f6jligheter och trampa nya stigar &#8211; hon uppmuntrar till personlig och gemensam utveckling och ger oss perspektiv p\u00e5 v\u00e5ra liv.<\/p>\n\n\n\n<p>Sonia har inspirerat hos oss sen 2014 p\u00e5 heltid och har fina referenser att kontakta vid f\u00f6rfr\u00e5gan. Hon omfamnar livet med en m\u00e4ktig inst\u00e4llning &#8211; ta chansen att boka henne!<\/p>\n","protected":false},"excerpt":{"rendered":"<p>Sonia f\u00f6rlorade sitt v\u00e4nstra underben i en motorcykelolycka, och tack vare det s\u00e5 uppt\u00e4ckte hon att livet erbjuder s\u00e5 mycket mer d\u00e4r man minst anar det. Genom hennes inspirerande f\u00f6rel\u00e4sningar delar hon med sig av sin resa mot \u00e5terh\u00e4mtning, m\u00e5ls\u00e4ttning och motivation. Sonia s\u00e4ger att livet b\u00f6rjade vid 28-\u00e5rs \u00e5lder, f\u00f6r idag \u00e4r hon en &hellip; <\/p>\n<p class=\"link-more\"><a href=\"https:\/\/www.jamtlandskinspiration.se\/?page_id=13\" class=\"more-link\">Forts\u00e4tt l\u00e4sa<span class=\"screen-reader-text\"> \u201dSonia Elvst\u00e5l\u201d<\/span><\/a><\/p>\n","protected":false},"author":1,"featured_media":185,"parent":0,"menu_order":0,"comment_status":"closed","ping_status":"closed","template":"","meta":{"footnotes":""},"class_list":["post-13","page","type-page","status-publish","has-post-thumbnail","hentry"],"yoast_head":"<!-- This site is optimized with the Yoast SEO plugin v27.4 - https:\/\/yoast.com\/product\/yoast-seo-wordpress\/ -->\n<title>Sonia Elvst\u00e5l - J\u00e4mtl\u00e4ndsk Inspiration<\/title>\n<meta name=\"description\" content=\"N\u00e4r benet kapades b\u00f6rjade livet! Inspirationsf\u00f6rel\u00e4saren Sonia Elvst\u00e5l tar er med p\u00e5 en resa genom hennes liv: Fr\u00e5n innan olyckan till snowboard\u00e5kare p\u00e5 VC!\" \/>\n<meta name=\"robots\" content=\"index, follow, max-snippet:-1, max-image-preview:large, max-video-preview:-1\" \/>\n<link rel=\"canonical\" href=\"https:\/\/www.jamtlandskinspiration.se\/?page_id=13\" \/>\n<meta property=\"og:locale\" content=\"sv_SE\" \/>\n<meta property=\"og:type\" content=\"article\" \/>\n<meta property=\"og:title\" content=\"Sonia Elvst\u00e5l - J\u00e4mtl\u00e4ndsk Inspiration\" \/>\n<meta property=\"og:description\" content=\"N\u00e4r benet kapades b\u00f6rjade livet! Inspirationsf\u00f6rel\u00e4saren Sonia Elvst\u00e5l tar er med p\u00e5 en resa genom hennes liv: Fr\u00e5n innan olyckan till snowboard\u00e5kare p\u00e5 VC!\" \/>\n<meta property=\"og:url\" content=\"https:\/\/www.jamtlandskinspiration.se\/?page_id=13\" \/>\n<meta property=\"og:site_name\" content=\"J\u00e4mtl\u00e4ndsk Inspiration\" \/>\n<meta property=\"article:publisher\" content=\"https:\/\/www.facebook.com\/SoniaElvstal\" \/>\n<meta property=\"article:modified_time\" content=\"2024-02-07T09:12:11+00:00\" \/>\n<meta property=\"og:image\" content=\"https:\/\/www.jamtlandskinspiration.se\/wp-content\/uploads\/2023\/11\/Sonia-Elvstal-hemsida-utan-loggan.jpg\" \/>\n\t<meta property=\"og:image:width\" content=\"1701\" \/>\n\t<meta property=\"og:image:height\" content=\"823\" \/>\n\t<meta property=\"og:image:type\" content=\"image\/jpeg\" \/>\n<meta name=\"twitter:card\" content=\"summary_large_image\" \/>\n<meta name=\"twitter:label1\" content=\"Ber\u00e4knad l\u00e4stid\" \/>\n\t<meta name=\"twitter:data1\" content=\"2 minuter\" \/>\n<script type=\"application\/ld+json\" class=\"yoast-schema-graph\">{\"@context\":\"https:\\\/\\\/schema.org\",\"@graph\":[{\"@type\":\"WebPage\",\"@id\":\"https:\\\/\\\/www.jamtlandskinspiration.se\\\/?page_id=13\",\"url\":\"https:\\\/\\\/www.jamtlandskinspiration.se\\\/?page_id=13\",\"name\":\"Sonia Elvst\u00e5l - J\u00e4mtl\u00e4ndsk Inspiration\",\"isPartOf\":{\"@id\":\"https:\\\/\\\/www.jamtlandskinspiration.se\\\/#website\"},\"primaryImageOfPage\":{\"@id\":\"https:\\\/\\\/www.jamtlandskinspiration.se\\\/?page_id=13#primaryimage\"},\"image\":{\"@id\":\"https:\\\/\\\/www.jamtlandskinspiration.se\\\/?page_id=13#primaryimage\"},\"thumbnailUrl\":\"https:\\\/\\\/www.jamtlandskinspiration.se\\\/wp-content\\\/uploads\\\/2023\\\/11\\\/Sonia-Elvstal-hemsida-utan-loggan.jpg\",\"datePublished\":\"2023-10-22T10:33:53+00:00\",\"dateModified\":\"2024-02-07T09:12:11+00:00\",\"description\":\"N\u00e4r benet kapades b\u00f6rjade livet! Inspirationsf\u00f6rel\u00e4saren Sonia Elvst\u00e5l tar er med p\u00e5 en resa genom hennes liv: Fr\u00e5n innan olyckan till snowboard\u00e5kare p\u00e5 VC!\",\"breadcrumb\":{\"@id\":\"https:\\\/\\\/www.jamtlandskinspiration.se\\\/?page_id=13#breadcrumb\"},\"inLanguage\":\"sv-SE\",\"potentialAction\":[{\"@type\":\"ReadAction\",\"target\":[\"https:\\\/\\\/www.jamtlandskinspiration.se\\\/?page_id=13\"]}]},{\"@type\":\"ImageObject\",\"inLanguage\":\"sv-SE\",\"@id\":\"https:\\\/\\\/www.jamtlandskinspiration.se\\\/?page_id=13#primaryimage\",\"url\":\"https:\\\/\\\/www.jamtlandskinspiration.se\\\/wp-content\\\/uploads\\\/2023\\\/11\\\/Sonia-Elvstal-hemsida-utan-loggan.jpg\",\"contentUrl\":\"https:\\\/\\\/www.jamtlandskinspiration.se\\\/wp-content\\\/uploads\\\/2023\\\/11\\\/Sonia-Elvstal-hemsida-utan-loggan.jpg\",\"width\":1701,\"height\":823},{\"@type\":\"BreadcrumbList\",\"@id\":\"https:\\\/\\\/www.jamtlandskinspiration.se\\\/?page_id=13#breadcrumb\",\"itemListElement\":[{\"@type\":\"ListItem\",\"position\":1,\"name\":\"Inspiration &amp; f\u00f6rel\u00e4sningar\",\"item\":\"https:\\\/\\\/www.jamtlandskinspiration.se\\\/\"},{\"@type\":\"ListItem\",\"position\":2,\"name\":\"Parasnowboard, snowboard, f\u00f6rel\u00e4sare, inspirat\u00f6r, amputerad, sonja, elvest\u00e5l, elfst\u00e5l\"}]},{\"@type\":\"WebSite\",\"@id\":\"https:\\\/\\\/www.jamtlandskinspiration.se\\\/#website\",\"url\":\"https:\\\/\\\/www.jamtlandskinspiration.se\\\/\",\"name\":\"J\u00e4mtl\u00e4ndsk Inspiration\",\"description\":\"Inspiration &amp; f\u00f6rel\u00e4sningar - Sonia Elvst\u00e5l\",\"publisher\":{\"@id\":\"https:\\\/\\\/www.jamtlandskinspiration.se\\\/#organization\"},\"alternateName\":\"Sonia Elvst\u00e5l\",\"potentialAction\":[{\"@type\":\"SearchAction\",\"target\":{\"@type\":\"EntryPoint\",\"urlTemplate\":\"https:\\\/\\\/www.jamtlandskinspiration.se\\\/?s={search_term_string}\"},\"query-input\":{\"@type\":\"PropertyValueSpecification\",\"valueRequired\":true,\"valueName\":\"search_term_string\"}}],\"inLanguage\":\"sv-SE\"},{\"@type\":\"Organization\",\"@id\":\"https:\\\/\\\/www.jamtlandskinspiration.se\\\/#organization\",\"name\":\"J\u00e4mtl\u00e4ndsk Inspiration\",\"alternateName\":\"Sonia Elvst\u00e5l\",\"url\":\"https:\\\/\\\/www.jamtlandskinspiration.se\\\/\",\"logo\":{\"@type\":\"ImageObject\",\"inLanguage\":\"sv-SE\",\"@id\":\"https:\\\/\\\/www.jamtlandskinspiration.se\\\/#\\\/schema\\\/logo\\\/image\\\/\",\"url\":\"https:\\\/\\\/www.jamtlandskinspiration.se\\\/wp-content\\\/uploads\\\/2023\\\/10\\\/cropped-Ja\u2560emtla\u2560endskinspiration.png\",\"contentUrl\":\"https:\\\/\\\/www.jamtlandskinspiration.se\\\/wp-content\\\/uploads\\\/2023\\\/10\\\/cropped-Ja\u2560emtla\u2560endskinspiration.png\",\"width\":450,\"height\":250,\"caption\":\"J\u00e4mtl\u00e4ndsk Inspiration\"},\"image\":{\"@id\":\"https:\\\/\\\/www.jamtlandskinspiration.se\\\/#\\\/schema\\\/logo\\\/image\\\/\"},\"sameAs\":[\"https:\\\/\\\/www.facebook.com\\\/SoniaElvstal\"]}]}<\/script>\n<!-- \/ Yoast SEO plugin. -->","yoast_head_json":{"title":"Sonia Elvst\u00e5l - J\u00e4mtl\u00e4ndsk Inspiration","description":"N\u00e4r benet kapades b\u00f6rjade livet! Inspirationsf\u00f6rel\u00e4saren Sonia Elvst\u00e5l tar er med p\u00e5 en resa genom hennes liv: Fr\u00e5n innan olyckan till snowboard\u00e5kare p\u00e5 VC!","robots":{"index":"index","follow":"follow","max-snippet":"max-snippet:-1","max-image-preview":"max-image-preview:large","max-video-preview":"max-video-preview:-1"},"canonical":"https:\/\/www.jamtlandskinspiration.se\/?page_id=13","og_locale":"sv_SE","og_type":"article","og_title":"Sonia Elvst\u00e5l - J\u00e4mtl\u00e4ndsk Inspiration","og_description":"N\u00e4r benet kapades b\u00f6rjade livet! Inspirationsf\u00f6rel\u00e4saren Sonia Elvst\u00e5l tar er med p\u00e5 en resa genom hennes liv: Fr\u00e5n innan olyckan till snowboard\u00e5kare p\u00e5 VC!","og_url":"https:\/\/www.jamtlandskinspiration.se\/?page_id=13","og_site_name":"J\u00e4mtl\u00e4ndsk Inspiration","article_publisher":"https:\/\/www.facebook.com\/SoniaElvstal","article_modified_time":"2024-02-07T09:12:11+00:00","og_image":[{"width":1701,"height":823,"url":"https:\/\/www.jamtlandskinspiration.se\/wp-content\/uploads\/2023\/11\/Sonia-Elvstal-hemsida-utan-loggan.jpg","type":"image\/jpeg"}],"twitter_card":"summary_large_image","twitter_misc":{"Ber\u00e4knad l\u00e4stid":"2 minuter"},"schema":{"@context":"https:\/\/schema.org","@graph":[{"@type":"WebPage","@id":"https:\/\/www.jamtlandskinspiration.se\/?page_id=13","url":"https:\/\/www.jamtlandskinspiration.se\/?page_id=13","name":"Sonia Elvst\u00e5l - J\u00e4mtl\u00e4ndsk Inspiration","isPartOf":{"@id":"https:\/\/www.jamtlandskinspiration.se\/#website"},"primaryImageOfPage":{"@id":"https:\/\/www.jamtlandskinspiration.se\/?page_id=13#primaryimage"},"image":{"@id":"https:\/\/www.jamtlandskinspiration.se\/?page_id=13#primaryimage"},"thumbnailUrl":"https:\/\/www.jamtlandskinspiration.se\/wp-content\/uploads\/2023\/11\/Sonia-Elvstal-hemsida-utan-loggan.jpg","datePublished":"2023-10-22T10:33:53+00:00","dateModified":"2024-02-07T09:12:11+00:00","description":"N\u00e4r benet kapades b\u00f6rjade livet! Inspirationsf\u00f6rel\u00e4saren Sonia Elvst\u00e5l tar er med p\u00e5 en resa genom hennes liv: Fr\u00e5n innan olyckan till snowboard\u00e5kare p\u00e5 VC!","breadcrumb":{"@id":"https:\/\/www.jamtlandskinspiration.se\/?page_id=13#breadcrumb"},"inLanguage":"sv-SE","potentialAction":[{"@type":"ReadAction","target":["https:\/\/www.jamtlandskinspiration.se\/?page_id=13"]}]},{"@type":"ImageObject","inLanguage":"sv-SE","@id":"https:\/\/www.jamtlandskinspiration.se\/?page_id=13#primaryimage","url":"https:\/\/www.jamtlandskinspiration.se\/wp-content\/uploads\/2023\/11\/Sonia-Elvstal-hemsida-utan-loggan.jpg","contentUrl":"https:\/\/www.jamtlandskinspiration.se\/wp-content\/uploads\/2023\/11\/Sonia-Elvstal-hemsida-utan-loggan.jpg","width":1701,"height":823},{"@type":"BreadcrumbList","@id":"https:\/\/www.jamtlandskinspiration.se\/?page_id=13#breadcrumb","itemListElement":[{"@type":"ListItem","position":1,"name":"Inspiration &amp; f\u00f6rel\u00e4sningar","item":"https:\/\/www.jamtlandskinspiration.se\/"},{"@type":"ListItem","position":2,"name":"Parasnowboard, snowboard, f\u00f6rel\u00e4sare, inspirat\u00f6r, amputerad, sonja, elvest\u00e5l, elfst\u00e5l"}]},{"@type":"WebSite","@id":"https:\/\/www.jamtlandskinspiration.se\/#website","url":"https:\/\/www.jamtlandskinspiration.se\/","name":"J\u00e4mtl\u00e4ndsk Inspiration","description":"Inspiration &amp; f\u00f6rel\u00e4sningar - Sonia Elvst\u00e5l","publisher":{"@id":"https:\/\/www.jamtlandskinspiration.se\/#organization"},"alternateName":"Sonia Elvst\u00e5l","potentialAction":[{"@type":"SearchAction","target":{"@type":"EntryPoint","urlTemplate":"https:\/\/www.jamtlandskinspiration.se\/?s={search_term_string}"},"query-input":{"@type":"PropertyValueSpecification","valueRequired":true,"valueName":"search_term_string"}}],"inLanguage":"sv-SE"},{"@type":"Organization","@id":"https:\/\/www.jamtlandskinspiration.se\/#organization","name":"J\u00e4mtl\u00e4ndsk Inspiration","alternateName":"Sonia Elvst\u00e5l","url":"https:\/\/www.jamtlandskinspiration.se\/","logo":{"@type":"ImageObject","inLanguage":"sv-SE","@id":"https:\/\/www.jamtlandskinspiration.se\/#\/schema\/logo\/image\/","url":"https:\/\/www.jamtlandskinspiration.se\/wp-content\/uploads\/2023\/10\/cropped-Ja\u2560emtla\u2560endskinspiration.png","contentUrl":"https:\/\/www.jamtlandskinspiration.se\/wp-content\/uploads\/2023\/10\/cropped-Ja\u2560emtla\u2560endskinspiration.png","width":450,"height":250,"caption":"J\u00e4mtl\u00e4ndsk Inspiration"},"image":{"@id":"https:\/\/www.jamtlandskinspiration.se\/#\/schema\/logo\/image\/"},"sameAs":["https:\/\/www.facebook.com\/SoniaElvstal"]}]}},"_links":{"self":[{"href":"https:\/\/www.jamtlandskinspiration.se\/index.php?rest_route=\/wp\/v2\/pages\/13","targetHints":{"allow":["GET"]}}],"collection":[{"href":"https:\/\/www.jamtlandskinspiration.se\/index.php?rest_route=\/wp\/v2\/pages"}],"about":[{"href":"https:\/\/www.jamtlandskinspiration.se\/index.php?rest_route=\/wp\/v2\/types\/page"}],"author":[{"embeddable":true,"href":"https:\/\/www.jamtlandskinspiration.se\/index.php?rest_route=\/wp\/v2\/users\/1"}],"replies":[{"embeddable":true,"href":"https:\/\/www.jamtlandskinspiration.se\/index.php?rest_route=%2Fwp%2Fv2%2Fcomments&post=13"}],"version-history":[{"count":13,"href":"https:\/\/www.jamtlandskinspiration.se\/index.php?rest_route=\/wp\/v2\/pages\/13\/revisions"}],"predecessor-version":[{"id":217,"href":"https:\/\/www.jamtlandskinspiration.se\/index.php?rest_route=\/wp\/v2\/pages\/13\/revisions\/217"}],"wp:featuredmedia":[{"embeddable":true,"href":"https:\/\/www.jamtlandskinspiration.se\/index.php?rest_route=\/wp\/v2\/media\/185"}],"wp:attachment":[{"href":"https:\/\/www.jamtlandskinspiration.se\/index.php?rest_route=%2Fwp%2Fv2%2Fmedia&parent=13"}],"curies":[{"name":"wp","href":"https:\/\/api.w.org\/{rel}","templated":true}]}}