{"id":61,"date":"2023-10-22T12:14:27","date_gmt":"2023-10-22T12:14:27","guid":{"rendered":"https:\/\/xn--jmtlndskinspiration-gwbd.se\/?page_id=61"},"modified":"2024-11-07T10:36:37","modified_gmt":"2024-11-07T10:36:37","slug":"tolle-petersson-sonia-elvstal-forelasare","status":"publish","type":"page","link":"https:\/\/www.jamtlandskinspiration.se\/?page_id=61","title":{"rendered":"Tolle Elvst\u00e5l"},"content":{"rendered":"\n<p>Tolle var del\u00e4gare i ett f\u00f6retag och livet snurrade p\u00e5 och en dag hade alla roligare saker blivit en hel massa m\u00e5sten. N\u00e4r hade hela livet blivit jobb?<\/p>\n\n\n\n<p>Ingen stund p\u00e5 dygnet blev \u00e5terh\u00e4mtning. En kv\u00e4ll skulle han k\u00f6ra en hundkurs innan han fick g\u00f6ra kv\u00e4ll, men en snabb dusch innan kursen beh\u00f6vdes. I duschen blev allt svart.<\/p>\n\n\n\n<p>Hans hj\u00e4rta hade pl\u00f6tsligt rasat, av ren stress.<\/p>\n\n\n\n<p>Innan pacemakern s\u00e5 hade Tolle kanske varken dr\u00f6mmar eller m\u00e5l f\u00f6r sig sj\u00e4lv, kanske bara f\u00f6r andra. Sen st\u00e4llde han sig sj\u00e4lv fr\u00e5gan:<\/p>\n\n\n\n<p>\u201dMen vad vill jag?<\/p>\n\n\n\n<p>Tolle inspirerar kring vikten av att g\u00f6ra val. Viktiga val f\u00f6r sig sj\u00e4lv. Han inspirerar oss att ta steget mot en mer rofylld tillvaro.<\/p>\n\n\n<div class=\"wp-block-image\">\n<figure class=\"aligncenter size-large is-resized\"><img loading=\"lazy\" decoding=\"async\" width=\"1024\" height=\"684\" src=\"https:\/\/j\u00e4mtl\u00e4ndskinspiration.se\/wp-content\/uploads\/2023\/11\/IMG_20231017_193405_403-1024x684.jpg\" alt=\"\" class=\"wp-image-168\" style=\"aspect-ratio:1.4970760233918128;width:667px;height:auto\" srcset=\"https:\/\/www.jamtlandskinspiration.se\/wp-content\/uploads\/2023\/11\/IMG_20231017_193405_403-1024x684.jpg 1024w, https:\/\/www.jamtlandskinspiration.se\/wp-content\/uploads\/2023\/11\/IMG_20231017_193405_403-300x200.jpg 300w, https:\/\/www.jamtlandskinspiration.se\/wp-content\/uploads\/2023\/11\/IMG_20231017_193405_403-768x513.jpg 768w, https:\/\/www.jamtlandskinspiration.se\/wp-content\/uploads\/2023\/11\/IMG_20231017_193405_403.jpg 1280w\" sizes=\"auto, (max-width: 706px) 89vw, (max-width: 767px) 82vw, 740px\" \/><\/figure><\/div>\n\n\n<p class=\"has-medium-font-size\"><strong>Sonia &amp; Tolle har nu en gemensam f\u00f6rel\u00e4sning:<\/strong><\/p>\n\n\n\n<p><em><strong>Att finnas..<\/strong><\/em><\/p>\n\n\n\n<p>Tolle hade kanske varken dr\u00f6mmar eller m\u00e5l f\u00f6r sig sj\u00e4lv, kanske bara f\u00f6r andra. Tills han m\u00f6tte en person som p\u00e5 riktigt fr\u00e5gade -&#8221; Men vad vill DU?&#8221; M\u00e5nga \u00e5r efter att hj\u00e4rtat rasat. Av ren stress!<\/p>\n\n\n\n<p>Sonia hade d\u00e4remot tusen dr\u00f6mmar. Dr\u00f6mmar som hon trodde skulle g\u00f6ra henne lyckligare, i livet d\u00e4r hon tycktes ha fastnat i ett ekorrehjul. Men en motorcykelolycka blev v\u00e4ndningen till ett b\u00e4ttre liv. Ett mer n\u00e4rvarande liv.<\/p>\n\n\n\n<p>Sonia &amp; Tolle inspirerar \u00e5h\u00f6rarna till att ta hand om sig sj\u00e4lva lite mer. Att p\u00e5 riktigt f\u00f6rst\u00e5 att det finns en person p\u00e5 den h\u00e4r jorden som faktiskt beh\u00f6ver just dig. Och det \u00e4r DU<\/p>\n\n\n\n<p>Boka oss g\u00e4rna separat eller tillsammans<\/p>\n","protected":false},"excerpt":{"rendered":"<p>Tolle var del\u00e4gare i ett f\u00f6retag och livet snurrade p\u00e5 och en dag hade alla roligare saker blivit en hel massa m\u00e5sten. N\u00e4r hade hela livet blivit jobb? Ingen stund p\u00e5 dygnet blev \u00e5terh\u00e4mtning. En kv\u00e4ll skulle han k\u00f6ra en hundkurs innan han fick g\u00f6ra kv\u00e4ll, men en snabb dusch innan kursen beh\u00f6vdes. I duschen &hellip; <\/p>\n<p class=\"link-more\"><a href=\"https:\/\/www.jamtlandskinspiration.se\/?page_id=61\" class=\"more-link\">Forts\u00e4tt l\u00e4sa<span class=\"screen-reader-text\"> \u201dTolle Elvst\u00e5l\u201d<\/span><\/a><\/p>\n","protected":false},"author":1,"featured_media":186,"parent":0,"menu_order":0,"comment_status":"closed","ping_status":"closed","template":"","meta":{"footnotes":""},"class_list":["post-61","page","type-page","status-publish","has-post-thumbnail","hentry"],"yoast_head":"<!-- This site is optimized with the Yoast SEO plugin v27.4 - https:\/\/yoast.com\/product\/yoast-seo-wordpress\/ -->\n<title>Tolle Elvst\u00e5l - J\u00e4mtl\u00e4ndsk Inspiration<\/title>\n<meta name=\"description\" content=\"Farlig stress? Det h\u00e4nder inte mig, jag \u00e4r ju inte ens stressad. Men s\u00e5 rasade jag ihop i duschen, och mitt hj\u00e4rta hade rasat, pga stress.\" \/>\n<meta name=\"robots\" content=\"index, follow, max-snippet:-1, max-image-preview:large, max-video-preview:-1\" \/>\n<link rel=\"canonical\" href=\"https:\/\/www.jamtlandskinspiration.se\/?page_id=61\" \/>\n<meta property=\"og:locale\" content=\"sv_SE\" \/>\n<meta property=\"og:type\" content=\"article\" \/>\n<meta property=\"og:title\" content=\"Tolle Elvst\u00e5l - J\u00e4mtl\u00e4ndsk Inspiration\" \/>\n<meta property=\"og:description\" content=\"Farlig stress? Det h\u00e4nder inte mig, jag \u00e4r ju inte ens stressad. Men s\u00e5 rasade jag ihop i duschen, och mitt hj\u00e4rta hade rasat, pga stress.\" \/>\n<meta property=\"og:url\" content=\"https:\/\/www.jamtlandskinspiration.se\/?page_id=61\" \/>\n<meta property=\"og:site_name\" content=\"J\u00e4mtl\u00e4ndsk Inspiration\" \/>\n<meta property=\"article:publisher\" content=\"https:\/\/www.facebook.com\/SoniaElvstal\" \/>\n<meta property=\"article:modified_time\" content=\"2024-11-07T10:36:37+00:00\" \/>\n<meta property=\"og:image\" content=\"https:\/\/www.jamtlandskinspiration.se\/wp-content\/uploads\/2023\/11\/Tolle-Petersson-hemsida-utan-loggan.jpg\" \/>\n\t<meta property=\"og:image:width\" content=\"1701\" \/>\n\t<meta property=\"og:image:height\" content=\"823\" \/>\n\t<meta property=\"og:image:type\" content=\"image\/jpeg\" \/>\n<meta name=\"twitter:card\" content=\"summary_large_image\" \/>\n<meta name=\"twitter:label1\" content=\"Ber\u00e4knad l\u00e4stid\" \/>\n\t<meta name=\"twitter:data1\" content=\"2 minuter\" \/>\n<script type=\"application\/ld+json\" class=\"yoast-schema-graph\">{\"@context\":\"https:\\\/\\\/schema.org\",\"@graph\":[{\"@type\":\"WebPage\",\"@id\":\"https:\\\/\\\/www.jamtlandskinspiration.se\\\/?page_id=61\",\"url\":\"https:\\\/\\\/www.jamtlandskinspiration.se\\\/?page_id=61\",\"name\":\"Tolle Elvst\u00e5l - J\u00e4mtl\u00e4ndsk Inspiration\",\"isPartOf\":{\"@id\":\"https:\\\/\\\/www.jamtlandskinspiration.se\\\/#website\"},\"primaryImageOfPage\":{\"@id\":\"https:\\\/\\\/www.jamtlandskinspiration.se\\\/?page_id=61#primaryimage\"},\"image\":{\"@id\":\"https:\\\/\\\/www.jamtlandskinspiration.se\\\/?page_id=61#primaryimage\"},\"thumbnailUrl\":\"https:\\\/\\\/www.jamtlandskinspiration.se\\\/wp-content\\\/uploads\\\/2023\\\/11\\\/Tolle-Petersson-hemsida-utan-loggan.jpg\",\"datePublished\":\"2023-10-22T12:14:27+00:00\",\"dateModified\":\"2024-11-07T10:36:37+00:00\",\"description\":\"Farlig stress? Det h\u00e4nder inte mig, jag \u00e4r ju inte ens stressad. Men s\u00e5 rasade jag ihop i duschen, och mitt hj\u00e4rta hade rasat, pga stress.\",\"breadcrumb\":{\"@id\":\"https:\\\/\\\/www.jamtlandskinspiration.se\\\/?page_id=61#breadcrumb\"},\"inLanguage\":\"sv-SE\",\"potentialAction\":[{\"@type\":\"ReadAction\",\"target\":[\"https:\\\/\\\/www.jamtlandskinspiration.se\\\/?page_id=61\"]}]},{\"@type\":\"ImageObject\",\"inLanguage\":\"sv-SE\",\"@id\":\"https:\\\/\\\/www.jamtlandskinspiration.se\\\/?page_id=61#primaryimage\",\"url\":\"https:\\\/\\\/www.jamtlandskinspiration.se\\\/wp-content\\\/uploads\\\/2023\\\/11\\\/Tolle-Petersson-hemsida-utan-loggan.jpg\",\"contentUrl\":\"https:\\\/\\\/www.jamtlandskinspiration.se\\\/wp-content\\\/uploads\\\/2023\\\/11\\\/Tolle-Petersson-hemsida-utan-loggan.jpg\",\"width\":1701,\"height\":823},{\"@type\":\"BreadcrumbList\",\"@id\":\"https:\\\/\\\/www.jamtlandskinspiration.se\\\/?page_id=61#breadcrumb\",\"itemListElement\":[{\"@type\":\"ListItem\",\"position\":1,\"name\":\"Inspiration &amp; f\u00f6rel\u00e4sningar\",\"item\":\"https:\\\/\\\/www.jamtlandskinspiration.se\\\/\"},{\"@type\":\"ListItem\",\"position\":2,\"name\":\"Sonia Elvst\u00e5l f\u00f6rel\u00e4sare stress pacemaker inspiration\"}]},{\"@type\":\"WebSite\",\"@id\":\"https:\\\/\\\/www.jamtlandskinspiration.se\\\/#website\",\"url\":\"https:\\\/\\\/www.jamtlandskinspiration.se\\\/\",\"name\":\"J\u00e4mtl\u00e4ndsk Inspiration\",\"description\":\"Inspiration &amp; f\u00f6rel\u00e4sningar - Sonia Elvst\u00e5l\",\"publisher\":{\"@id\":\"https:\\\/\\\/www.jamtlandskinspiration.se\\\/#organization\"},\"alternateName\":\"Sonia Elvst\u00e5l\",\"potentialAction\":[{\"@type\":\"SearchAction\",\"target\":{\"@type\":\"EntryPoint\",\"urlTemplate\":\"https:\\\/\\\/www.jamtlandskinspiration.se\\\/?s={search_term_string}\"},\"query-input\":{\"@type\":\"PropertyValueSpecification\",\"valueRequired\":true,\"valueName\":\"search_term_string\"}}],\"inLanguage\":\"sv-SE\"},{\"@type\":\"Organization\",\"@id\":\"https:\\\/\\\/www.jamtlandskinspiration.se\\\/#organization\",\"name\":\"J\u00e4mtl\u00e4ndsk Inspiration\",\"alternateName\":\"Sonia Elvst\u00e5l\",\"url\":\"https:\\\/\\\/www.jamtlandskinspiration.se\\\/\",\"logo\":{\"@type\":\"ImageObject\",\"inLanguage\":\"sv-SE\",\"@id\":\"https:\\\/\\\/www.jamtlandskinspiration.se\\\/#\\\/schema\\\/logo\\\/image\\\/\",\"url\":\"https:\\\/\\\/www.jamtlandskinspiration.se\\\/wp-content\\\/uploads\\\/2023\\\/10\\\/cropped-Ja\u2560emtla\u2560endskinspiration.png\",\"contentUrl\":\"https:\\\/\\\/www.jamtlandskinspiration.se\\\/wp-content\\\/uploads\\\/2023\\\/10\\\/cropped-Ja\u2560emtla\u2560endskinspiration.png\",\"width\":450,\"height\":250,\"caption\":\"J\u00e4mtl\u00e4ndsk Inspiration\"},\"image\":{\"@id\":\"https:\\\/\\\/www.jamtlandskinspiration.se\\\/#\\\/schema\\\/logo\\\/image\\\/\"},\"sameAs\":[\"https:\\\/\\\/www.facebook.com\\\/SoniaElvstal\"]}]}<\/script>\n<!-- \/ Yoast SEO plugin. -->","yoast_head_json":{"title":"Tolle Elvst\u00e5l - J\u00e4mtl\u00e4ndsk Inspiration","description":"Farlig stress? Det h\u00e4nder inte mig, jag \u00e4r ju inte ens stressad. Men s\u00e5 rasade jag ihop i duschen, och mitt hj\u00e4rta hade rasat, pga stress.","robots":{"index":"index","follow":"follow","max-snippet":"max-snippet:-1","max-image-preview":"max-image-preview:large","max-video-preview":"max-video-preview:-1"},"canonical":"https:\/\/www.jamtlandskinspiration.se\/?page_id=61","og_locale":"sv_SE","og_type":"article","og_title":"Tolle Elvst\u00e5l - J\u00e4mtl\u00e4ndsk Inspiration","og_description":"Farlig stress? Det h\u00e4nder inte mig, jag \u00e4r ju inte ens stressad. Men s\u00e5 rasade jag ihop i duschen, och mitt hj\u00e4rta hade rasat, pga stress.","og_url":"https:\/\/www.jamtlandskinspiration.se\/?page_id=61","og_site_name":"J\u00e4mtl\u00e4ndsk Inspiration","article_publisher":"https:\/\/www.facebook.com\/SoniaElvstal","article_modified_time":"2024-11-07T10:36:37+00:00","og_image":[{"width":1701,"height":823,"url":"https:\/\/www.jamtlandskinspiration.se\/wp-content\/uploads\/2023\/11\/Tolle-Petersson-hemsida-utan-loggan.jpg","type":"image\/jpeg"}],"twitter_card":"summary_large_image","twitter_misc":{"Ber\u00e4knad l\u00e4stid":"2 minuter"},"schema":{"@context":"https:\/\/schema.org","@graph":[{"@type":"WebPage","@id":"https:\/\/www.jamtlandskinspiration.se\/?page_id=61","url":"https:\/\/www.jamtlandskinspiration.se\/?page_id=61","name":"Tolle Elvst\u00e5l - J\u00e4mtl\u00e4ndsk Inspiration","isPartOf":{"@id":"https:\/\/www.jamtlandskinspiration.se\/#website"},"primaryImageOfPage":{"@id":"https:\/\/www.jamtlandskinspiration.se\/?page_id=61#primaryimage"},"image":{"@id":"https:\/\/www.jamtlandskinspiration.se\/?page_id=61#primaryimage"},"thumbnailUrl":"https:\/\/www.jamtlandskinspiration.se\/wp-content\/uploads\/2023\/11\/Tolle-Petersson-hemsida-utan-loggan.jpg","datePublished":"2023-10-22T12:14:27+00:00","dateModified":"2024-11-07T10:36:37+00:00","description":"Farlig stress? Det h\u00e4nder inte mig, jag \u00e4r ju inte ens stressad. Men s\u00e5 rasade jag ihop i duschen, och mitt hj\u00e4rta hade rasat, pga stress.","breadcrumb":{"@id":"https:\/\/www.jamtlandskinspiration.se\/?page_id=61#breadcrumb"},"inLanguage":"sv-SE","potentialAction":[{"@type":"ReadAction","target":["https:\/\/www.jamtlandskinspiration.se\/?page_id=61"]}]},{"@type":"ImageObject","inLanguage":"sv-SE","@id":"https:\/\/www.jamtlandskinspiration.se\/?page_id=61#primaryimage","url":"https:\/\/www.jamtlandskinspiration.se\/wp-content\/uploads\/2023\/11\/Tolle-Petersson-hemsida-utan-loggan.jpg","contentUrl":"https:\/\/www.jamtlandskinspiration.se\/wp-content\/uploads\/2023\/11\/Tolle-Petersson-hemsida-utan-loggan.jpg","width":1701,"height":823},{"@type":"BreadcrumbList","@id":"https:\/\/www.jamtlandskinspiration.se\/?page_id=61#breadcrumb","itemListElement":[{"@type":"ListItem","position":1,"name":"Inspiration &amp; f\u00f6rel\u00e4sningar","item":"https:\/\/www.jamtlandskinspiration.se\/"},{"@type":"ListItem","position":2,"name":"Sonia Elvst\u00e5l f\u00f6rel\u00e4sare stress pacemaker inspiration"}]},{"@type":"WebSite","@id":"https:\/\/www.jamtlandskinspiration.se\/#website","url":"https:\/\/www.jamtlandskinspiration.se\/","name":"J\u00e4mtl\u00e4ndsk Inspiration","description":"Inspiration &amp; f\u00f6rel\u00e4sningar - Sonia Elvst\u00e5l","publisher":{"@id":"https:\/\/www.jamtlandskinspiration.se\/#organization"},"alternateName":"Sonia Elvst\u00e5l","potentialAction":[{"@type":"SearchAction","target":{"@type":"EntryPoint","urlTemplate":"https:\/\/www.jamtlandskinspiration.se\/?s={search_term_string}"},"query-input":{"@type":"PropertyValueSpecification","valueRequired":true,"valueName":"search_term_string"}}],"inLanguage":"sv-SE"},{"@type":"Organization","@id":"https:\/\/www.jamtlandskinspiration.se\/#organization","name":"J\u00e4mtl\u00e4ndsk Inspiration","alternateName":"Sonia Elvst\u00e5l","url":"https:\/\/www.jamtlandskinspiration.se\/","logo":{"@type":"ImageObject","inLanguage":"sv-SE","@id":"https:\/\/www.jamtlandskinspiration.se\/#\/schema\/logo\/image\/","url":"https:\/\/www.jamtlandskinspiration.se\/wp-content\/uploads\/2023\/10\/cropped-Ja\u2560emtla\u2560endskinspiration.png","contentUrl":"https:\/\/www.jamtlandskinspiration.se\/wp-content\/uploads\/2023\/10\/cropped-Ja\u2560emtla\u2560endskinspiration.png","width":450,"height":250,"caption":"J\u00e4mtl\u00e4ndsk Inspiration"},"image":{"@id":"https:\/\/www.jamtlandskinspiration.se\/#\/schema\/logo\/image\/"},"sameAs":["https:\/\/www.facebook.com\/SoniaElvstal"]}]}},"_links":{"self":[{"href":"https:\/\/www.jamtlandskinspiration.se\/index.php?rest_route=\/wp\/v2\/pages\/61","targetHints":{"allow":["GET"]}}],"collection":[{"href":"https:\/\/www.jamtlandskinspiration.se\/index.php?rest_route=\/wp\/v2\/pages"}],"about":[{"href":"https:\/\/www.jamtlandskinspiration.se\/index.php?rest_route=\/wp\/v2\/types\/page"}],"author":[{"embeddable":true,"href":"https:\/\/www.jamtlandskinspiration.se\/index.php?rest_route=\/wp\/v2\/users\/1"}],"replies":[{"embeddable":true,"href":"https:\/\/www.jamtlandskinspiration.se\/index.php?rest_route=%2Fwp%2Fv2%2Fcomments&post=61"}],"version-history":[{"count":8,"href":"https:\/\/www.jamtlandskinspiration.se\/index.php?rest_route=\/wp\/v2\/pages\/61\/revisions"}],"predecessor-version":[{"id":253,"href":"https:\/\/www.jamtlandskinspiration.se\/index.php?rest_route=\/wp\/v2\/pages\/61\/revisions\/253"}],"wp:featuredmedia":[{"embeddable":true,"href":"https:\/\/www.jamtlandskinspiration.se\/index.php?rest_route=\/wp\/v2\/media\/186"}],"wp:attachment":[{"href":"https:\/\/www.jamtlandskinspiration.se\/index.php?rest_route=%2Fwp%2Fv2%2Fmedia&parent=61"}],"curies":[{"name":"wp","href":"https:\/\/api.w.org\/{rel}","templated":true}]}}