{"id":9,"date":"2023-10-22T10:33:52","date_gmt":"2023-10-22T10:33:52","guid":{"rendered":"https:\/\/xn--jmtlndskinspiration-gwbd.se\/?page_id=9"},"modified":"2024-02-08T09:05:13","modified_gmt":"2024-02-08T09:05:13","slug":"hem","status":"publish","type":"page","link":"https:\/\/www.jamtlandskinspiration.se\/","title":{"rendered":"Inspiration &#038; f\u00f6rel\u00e4sningar"},"content":{"rendered":"\n<p>J\u00e4mtl\u00e4ndsk Inspiration erbjuder inspirationsf\u00f6rel\u00e4sningar med humor och allvar. Med oss kan ni spetsa ert event med en extra dos av livsgl\u00e4dje. Vi erbjuder skr\u00e4ddarsydda f\u00f6rel\u00e4sningar d\u00e4r m\u00e5let \u00e4r att inspirera till st\u00f6rre n\u00e4rvaro i det liv vi lever h\u00e4r och nu.<\/p>\n\n\n\n<p>H\u00e4r finner ni mer om v\u00e5ra talare.<\/p>\n","protected":false},"excerpt":{"rendered":"<p>J\u00e4mtl\u00e4ndsk Inspiration erbjuder inspirationsf\u00f6rel\u00e4sningar med humor och allvar. Med oss kan ni spetsa ert event med en extra dos av livsgl\u00e4dje. Vi erbjuder skr\u00e4ddarsydda f\u00f6rel\u00e4sningar d\u00e4r m\u00e5let \u00e4r att inspirera till st\u00f6rre n\u00e4rvaro i det liv vi lever h\u00e4r och nu. H\u00e4r finner ni mer om v\u00e5ra talare.<\/p>\n","protected":false},"author":1,"featured_media":0,"parent":0,"menu_order":0,"comment_status":"closed","ping_status":"closed","template":"","meta":{"footnotes":""},"class_list":["post-9","page","type-page","status-publish","hentry"],"yoast_head":"<!-- This site is optimized with the Yoast SEO plugin v27.4 - https:\/\/yoast.com\/product\/yoast-seo-wordpress\/ -->\n<title>Inspiration &amp; f\u00f6rel\u00e4sningar - J\u00e4mtl\u00e4ndsk Inspiration<\/title>\n<meta name=\"description\" content=\"S\u00f6ker du det d\u00e4r lilla extra till ert event eller medarbetardagar? Boosta dagen med n\u00e5gon av v\u00e5ra inspirationsf\u00f6rel\u00e4sare!\" \/>\n<meta name=\"robots\" content=\"index, follow, max-snippet:-1, max-image-preview:large, max-video-preview:-1\" \/>\n<link rel=\"canonical\" href=\"https:\/\/www.jamtlandskinspiration.se\/\" \/>\n<meta property=\"og:locale\" content=\"sv_SE\" \/>\n<meta property=\"og:type\" content=\"article\" \/>\n<meta property=\"og:title\" content=\"Inspiration &amp; f\u00f6rel\u00e4sningar - J\u00e4mtl\u00e4ndsk Inspiration\" \/>\n<meta property=\"og:description\" content=\"S\u00f6ker du det d\u00e4r lilla extra till ert event eller medarbetardagar? Boosta dagen med n\u00e5gon av v\u00e5ra inspirationsf\u00f6rel\u00e4sare!\" \/>\n<meta property=\"og:url\" content=\"https:\/\/www.jamtlandskinspiration.se\/\" \/>\n<meta property=\"og:site_name\" content=\"J\u00e4mtl\u00e4ndsk Inspiration\" \/>\n<meta property=\"article:publisher\" content=\"https:\/\/www.facebook.com\/SoniaElvstal\" \/>\n<meta property=\"article:modified_time\" content=\"2024-02-08T09:05:13+00:00\" \/>\n<meta property=\"og:image\" content=\"https:\/\/www.jamtlandskinspiration.se\/wp-content\/uploads\/2023\/10\/cropped-Sonia-Elvstal-Hemsidan-offertflik.jpg\" \/>\n\t<meta property=\"og:image:width\" content=\"2000\" \/>\n\t<meta property=\"og:image:height\" content=\"1201\" \/>\n\t<meta property=\"og:image:type\" content=\"image\/jpeg\" \/>\n<meta name=\"twitter:card\" content=\"summary_large_image\" \/>\n<meta name=\"twitter:label1\" content=\"Ber\u00e4knad l\u00e4stid\" \/>\n\t<meta name=\"twitter:data1\" content=\"1 minut\" \/>\n<script type=\"application\/ld+json\" class=\"yoast-schema-graph\">{\"@context\":\"https:\\\/\\\/schema.org\",\"@graph\":[{\"@type\":\"WebPage\",\"@id\":\"https:\\\/\\\/www.jamtlandskinspiration.se\\\/\",\"url\":\"https:\\\/\\\/www.jamtlandskinspiration.se\\\/\",\"name\":\"Inspiration & f\u00f6rel\u00e4sningar - J\u00e4mtl\u00e4ndsk Inspiration\",\"isPartOf\":{\"@id\":\"https:\\\/\\\/www.jamtlandskinspiration.se\\\/#website\"},\"datePublished\":\"2023-10-22T10:33:52+00:00\",\"dateModified\":\"2024-02-08T09:05:13+00:00\",\"description\":\"S\u00f6ker du det d\u00e4r lilla extra till ert event eller medarbetardagar? Boosta dagen med n\u00e5gon av v\u00e5ra inspirationsf\u00f6rel\u00e4sare!\",\"breadcrumb\":{\"@id\":\"https:\\\/\\\/www.jamtlandskinspiration.se\\\/#breadcrumb\"},\"inLanguage\":\"sv-SE\",\"potentialAction\":[{\"@type\":\"ReadAction\",\"target\":[\"https:\\\/\\\/www.jamtlandskinspiration.se\\\/\"]}]},{\"@type\":\"BreadcrumbList\",\"@id\":\"https:\\\/\\\/www.jamtlandskinspiration.se\\\/#breadcrumb\",\"itemListElement\":[{\"@type\":\"ListItem\",\"position\":1,\"name\":\"Inspiration &amp; f\u00f6rel\u00e4sningar\",\"item\":\"https:\\\/\\\/www.jamtlandskinspiration.se\\\/\"},{\"@type\":\"ListItem\",\"position\":2,\"name\":\"Inspirationsf\u00f6rel\u00e4sning Sonia elvst\u00e5l\"}]},{\"@type\":\"WebSite\",\"@id\":\"https:\\\/\\\/www.jamtlandskinspiration.se\\\/#website\",\"url\":\"https:\\\/\\\/www.jamtlandskinspiration.se\\\/\",\"name\":\"J\u00e4mtl\u00e4ndsk Inspiration\",\"description\":\"Inspiration &amp; f\u00f6rel\u00e4sningar - Sonia Elvst\u00e5l\",\"publisher\":{\"@id\":\"https:\\\/\\\/www.jamtlandskinspiration.se\\\/#organization\"},\"alternateName\":\"Sonia Elvst\u00e5l\",\"potentialAction\":[{\"@type\":\"SearchAction\",\"target\":{\"@type\":\"EntryPoint\",\"urlTemplate\":\"https:\\\/\\\/www.jamtlandskinspiration.se\\\/?s={search_term_string}\"},\"query-input\":{\"@type\":\"PropertyValueSpecification\",\"valueRequired\":true,\"valueName\":\"search_term_string\"}}],\"inLanguage\":\"sv-SE\"},{\"@type\":\"Organization\",\"@id\":\"https:\\\/\\\/www.jamtlandskinspiration.se\\\/#organization\",\"name\":\"J\u00e4mtl\u00e4ndsk Inspiration\",\"alternateName\":\"Sonia Elvst\u00e5l\",\"url\":\"https:\\\/\\\/www.jamtlandskinspiration.se\\\/\",\"logo\":{\"@type\":\"ImageObject\",\"inLanguage\":\"sv-SE\",\"@id\":\"https:\\\/\\\/www.jamtlandskinspiration.se\\\/#\\\/schema\\\/logo\\\/image\\\/\",\"url\":\"https:\\\/\\\/www.jamtlandskinspiration.se\\\/wp-content\\\/uploads\\\/2023\\\/10\\\/cropped-Ja\u2560emtla\u2560endskinspiration.png\",\"contentUrl\":\"https:\\\/\\\/www.jamtlandskinspiration.se\\\/wp-content\\\/uploads\\\/2023\\\/10\\\/cropped-Ja\u2560emtla\u2560endskinspiration.png\",\"width\":450,\"height\":250,\"caption\":\"J\u00e4mtl\u00e4ndsk Inspiration\"},\"image\":{\"@id\":\"https:\\\/\\\/www.jamtlandskinspiration.se\\\/#\\\/schema\\\/logo\\\/image\\\/\"},\"sameAs\":[\"https:\\\/\\\/www.facebook.com\\\/SoniaElvstal\"]}]}<\/script>\n<!-- \/ Yoast SEO plugin. -->","yoast_head_json":{"title":"Inspiration & f\u00f6rel\u00e4sningar - J\u00e4mtl\u00e4ndsk Inspiration","description":"S\u00f6ker du det d\u00e4r lilla extra till ert event eller medarbetardagar? Boosta dagen med n\u00e5gon av v\u00e5ra inspirationsf\u00f6rel\u00e4sare!","robots":{"index":"index","follow":"follow","max-snippet":"max-snippet:-1","max-image-preview":"max-image-preview:large","max-video-preview":"max-video-preview:-1"},"canonical":"https:\/\/www.jamtlandskinspiration.se\/","og_locale":"sv_SE","og_type":"article","og_title":"Inspiration & f\u00f6rel\u00e4sningar - J\u00e4mtl\u00e4ndsk Inspiration","og_description":"S\u00f6ker du det d\u00e4r lilla extra till ert event eller medarbetardagar? Boosta dagen med n\u00e5gon av v\u00e5ra inspirationsf\u00f6rel\u00e4sare!","og_url":"https:\/\/www.jamtlandskinspiration.se\/","og_site_name":"J\u00e4mtl\u00e4ndsk Inspiration","article_publisher":"https:\/\/www.facebook.com\/SoniaElvstal","article_modified_time":"2024-02-08T09:05:13+00:00","og_image":[{"width":2000,"height":1201,"url":"https:\/\/www.jamtlandskinspiration.se\/wp-content\/uploads\/2023\/10\/cropped-Sonia-Elvstal-Hemsidan-offertflik.jpg","type":"image\/jpeg"}],"twitter_card":"summary_large_image","twitter_misc":{"Ber\u00e4knad l\u00e4stid":"1 minut"},"schema":{"@context":"https:\/\/schema.org","@graph":[{"@type":"WebPage","@id":"https:\/\/www.jamtlandskinspiration.se\/","url":"https:\/\/www.jamtlandskinspiration.se\/","name":"Inspiration & f\u00f6rel\u00e4sningar - J\u00e4mtl\u00e4ndsk Inspiration","isPartOf":{"@id":"https:\/\/www.jamtlandskinspiration.se\/#website"},"datePublished":"2023-10-22T10:33:52+00:00","dateModified":"2024-02-08T09:05:13+00:00","description":"S\u00f6ker du det d\u00e4r lilla extra till ert event eller medarbetardagar? Boosta dagen med n\u00e5gon av v\u00e5ra inspirationsf\u00f6rel\u00e4sare!","breadcrumb":{"@id":"https:\/\/www.jamtlandskinspiration.se\/#breadcrumb"},"inLanguage":"sv-SE","potentialAction":[{"@type":"ReadAction","target":["https:\/\/www.jamtlandskinspiration.se\/"]}]},{"@type":"BreadcrumbList","@id":"https:\/\/www.jamtlandskinspiration.se\/#breadcrumb","itemListElement":[{"@type":"ListItem","position":1,"name":"Inspiration &amp; f\u00f6rel\u00e4sningar","item":"https:\/\/www.jamtlandskinspiration.se\/"},{"@type":"ListItem","position":2,"name":"Inspirationsf\u00f6rel\u00e4sning Sonia elvst\u00e5l"}]},{"@type":"WebSite","@id":"https:\/\/www.jamtlandskinspiration.se\/#website","url":"https:\/\/www.jamtlandskinspiration.se\/","name":"J\u00e4mtl\u00e4ndsk Inspiration","description":"Inspiration &amp; f\u00f6rel\u00e4sningar - Sonia Elvst\u00e5l","publisher":{"@id":"https:\/\/www.jamtlandskinspiration.se\/#organization"},"alternateName":"Sonia Elvst\u00e5l","potentialAction":[{"@type":"SearchAction","target":{"@type":"EntryPoint","urlTemplate":"https:\/\/www.jamtlandskinspiration.se\/?s={search_term_string}"},"query-input":{"@type":"PropertyValueSpecification","valueRequired":true,"valueName":"search_term_string"}}],"inLanguage":"sv-SE"},{"@type":"Organization","@id":"https:\/\/www.jamtlandskinspiration.se\/#organization","name":"J\u00e4mtl\u00e4ndsk Inspiration","alternateName":"Sonia Elvst\u00e5l","url":"https:\/\/www.jamtlandskinspiration.se\/","logo":{"@type":"ImageObject","inLanguage":"sv-SE","@id":"https:\/\/www.jamtlandskinspiration.se\/#\/schema\/logo\/image\/","url":"https:\/\/www.jamtlandskinspiration.se\/wp-content\/uploads\/2023\/10\/cropped-Ja\u2560emtla\u2560endskinspiration.png","contentUrl":"https:\/\/www.jamtlandskinspiration.se\/wp-content\/uploads\/2023\/10\/cropped-Ja\u2560emtla\u2560endskinspiration.png","width":450,"height":250,"caption":"J\u00e4mtl\u00e4ndsk Inspiration"},"image":{"@id":"https:\/\/www.jamtlandskinspiration.se\/#\/schema\/logo\/image\/"},"sameAs":["https:\/\/www.facebook.com\/SoniaElvstal"]}]}},"_links":{"self":[{"href":"https:\/\/www.jamtlandskinspiration.se\/index.php?rest_route=\/wp\/v2\/pages\/9","targetHints":{"allow":["GET"]}}],"collection":[{"href":"https:\/\/www.jamtlandskinspiration.se\/index.php?rest_route=\/wp\/v2\/pages"}],"about":[{"href":"https:\/\/www.jamtlandskinspiration.se\/index.php?rest_route=\/wp\/v2\/types\/page"}],"author":[{"embeddable":true,"href":"https:\/\/www.jamtlandskinspiration.se\/index.php?rest_route=\/wp\/v2\/users\/1"}],"replies":[{"embeddable":true,"href":"https:\/\/www.jamtlandskinspiration.se\/index.php?rest_route=%2Fwp%2Fv2%2Fcomments&post=9"}],"version-history":[{"count":5,"href":"https:\/\/www.jamtlandskinspiration.se\/index.php?rest_route=\/wp\/v2\/pages\/9\/revisions"}],"predecessor-version":[{"id":190,"href":"https:\/\/www.jamtlandskinspiration.se\/index.php?rest_route=\/wp\/v2\/pages\/9\/revisions\/190"}],"wp:attachment":[{"href":"https:\/\/www.jamtlandskinspiration.se\/index.php?rest_route=%2Fwp%2Fv2%2Fmedia&parent=9"}],"curies":[{"name":"wp","href":"https:\/\/api.w.org\/{rel}","templated":true}]}}